{"id":15663,"date":"2023-07-14T11:20:09","date_gmt":"2023-07-14T09:20:09","guid":{"rendered":"https:\/\/indahash.com\/formularze-zgloszeniowe-dla-ambasadorow\/"},"modified":"2024-05-10T00:22:48","modified_gmt":"2024-05-09T22:22:48","slug":"formularze-zgloszeniowe-dla-ambasadorow","status":"publish","type":"page","link":"https:\/\/indahash.com\/pl\/formularze-zgloszeniowe-dla-ambasadorow\/","title":{"rendered":"Formularze rekrutacji i komunikacji tw\u00f3rc\u00f3w"},"content":{"rendered":"\t\t<div data-elementor-type=\"wp-page\" data-elementor-id=\"15663\" class=\"elementor elementor-15663 elementor-2699\" data-elementor-post-type=\"page\">\n\t\t\t\t<div class=\"elementor-element elementor-element-150b7dfd animated-fast e-flex e-con-boxed elementor-invisible e-con e-parent\" data-id=\"150b7dfd\" data-element_type=\"container\" data-settings=\"{&quot;animation&quot;:&quot;slideInUp&quot;}\">\n\t\t\t\t\t<div class=\"e-con-inner\">\n\t\t<div class=\"elementor-element elementor-element-295b5154 e-con-full e-flex e-con e-child\" data-id=\"295b5154\" data-element_type=\"container\">\n\t\t<div class=\"elementor-element elementor-element-b874057 e-flex e-con-boxed e-con e-child\" data-id=\"b874057\" data-element_type=\"container\">\n\t\t\t\t\t<div class=\"e-con-inner\">\n\t\t\t\t<div class=\"elementor-element elementor-element-2c74710 elementor-widget elementor-widget-image\" data-id=\"2c74710\" data-element_type=\"widget\" data-settings=\"{&quot;ekit_we_effect_on&quot;:&quot;none&quot;}\" data-widget_type=\"image.default\">\n\t\t\t\t\t\t\t\t\t\t\t\t\t\t\t<img fetchpriority=\"high\" decoding=\"async\" width=\"320\" height=\"320\" src=\"https:\/\/indahash.com\/wp-content\/uploads\/2023\/07\/\ud83e\udd16-Robot-face-1.png\" class=\"attachment-full size-full wp-image-4503\" alt=\"\" srcset=\"https:\/\/indahash.com\/wp-content\/uploads\/2023\/07\/\ud83e\udd16-Robot-face-1.png 320w, https:\/\/indahash.com\/wp-content\/uploads\/2023\/07\/\ud83e\udd16-Robot-face-1-300x300.png 300w, https:\/\/indahash.com\/wp-content\/uploads\/2023\/07\/\ud83e\udd16-Robot-face-1-150x150.png 150w, https:\/\/indahash.com\/wp-content\/uploads\/2023\/07\/elementor\/thumbs\/\ud83e\udd16-Robot-face-1-q990grtx0h3mhi4j6y7ipgcrxtc7n8k72zx2c1hqp4.png 36w\" sizes=\"(max-width: 320px) 100vw, 320px\" \/>\t\t\t\t\t\t\t\t\t\t\t\t\t\t\t<\/div>\n\t\t\t\t<div class=\"elementor-element elementor-element-bd8db15 elementor-widget elementor-widget-heading\" data-id=\"bd8db15\" data-element_type=\"widget\" data-settings=\"{&quot;ekit_we_effect_on&quot;:&quot;none&quot;}\" data-widget_type=\"heading.default\">\n\t\t\t\t\t<div class=\"elementor-heading-title elementor-size-default\">Automatyzuj procesy<\/div>\t\t\t\t<\/div>\n\t\t\t\t\t<\/div>\n\t\t\t\t<\/div>\n\t\t\t\t<div class=\"elementor-element elementor-element-18e6dba8 elementor-widget elementor-widget-heading\" data-id=\"18e6dba8\" data-element_type=\"widget\" data-settings=\"{&quot;ekit_we_effect_on&quot;:&quot;none&quot;}\" data-widget_type=\"heading.default\">\n\t\t\t\t\t<h2 class=\"elementor-heading-title elementor-size-default\">Formularze rekrutacji i komunikacji tw\u00f3rc\u00f3w<\/h2>\t\t\t\t<\/div>\n\t\t\t\t<div class=\"elementor-element elementor-element-5651 elementor-mobile-align-justify elementor-widget-mobile__width-inherit elementor-widget elementor-widget-global elementor-global-13296 elementor-global-5651 elementor-widget-button\" data-id=\"5651\" data-element_type=\"widget\" data-settings=\"{&quot;ekit_we_effect_on&quot;:&quot;none&quot;}\" data-widget_type=\"button.default\">\n\t\t\t\t\t\t\t\t\t\t<a class=\"elementor-button elementor-button-link elementor-size-sm\" href=\"https:\/\/indahash.com\/workspace\/lite\">\n\t\t\t\t\t\t<span class=\"elementor-button-content-wrapper\">\n\t\t\t\t\t\t\t\t\t<span class=\"elementor-button-text\">Um\u00f3w si\u0119 na demo<\/span>\n\t\t\t\t\t<\/span>\n\t\t\t\t\t<\/a>\n\t\t\t\t\t\t\t\t<\/div>\n\t\t\t\t<\/div>\n\t\t<div class=\"elementor-element elementor-element-e384e90 e-con-full e-flex e-con e-child\" data-id=\"e384e90\" data-element_type=\"container\">\n\t\t\t\t<div class=\"elementor-element elementor-element-12f2010 elementor-widget elementor-widget-video\" data-id=\"12f2010\" data-element_type=\"widget\" data-settings=\"{&quot;video_type&quot;:&quot;hosted&quot;,&quot;autoplay&quot;:&quot;yes&quot;,&quot;play_on_mobile&quot;:&quot;yes&quot;,&quot;mute&quot;:&quot;yes&quot;,&quot;loop&quot;:&quot;yes&quot;,&quot;ekit_we_effect_on&quot;:&quot;none&quot;}\" data-widget_type=\"video.default\">\n\t\t\t\t\t\t\t<div class=\"e-hosted-video elementor-wrapper elementor-open-inline\">\n\t\t\t\t\t<video class=\"elementor-video\" src=\"https:\/\/indahash.com\/wp-content\/uploads\/2023\/08\/Nagranie-z-ekranu-2023-08-17-o-22.39.46.mp4\" autoplay=\"\" loop=\"\" muted=\"muted\" playsinline=\"\" controlsList=\"nodownload\"><\/video>\n\t\t\t\t<\/div>\n\t\t\t\t\t\t<\/div>\n\t\t\t\t<\/div>\n\t\t\t\t\t<\/div>\n\t\t\t\t<\/div>\n\t\t<div class=\"elementor-element elementor-element-88133d0 animated-fast e-flex e-con-boxed elementor-invisible e-con e-parent\" data-id=\"88133d0\" data-element_type=\"container\" data-settings=\"{&quot;animation&quot;:&quot;slideInUp&quot;}\">\n\t\t\t\t\t<div class=\"e-con-inner\">\n\t\t<div class=\"elementor-element elementor-element-4d5672f e-con-full e-flex e-con e-child\" data-id=\"4d5672f\" data-element_type=\"container\">\n\t\t\t\t<div class=\"elementor-element elementor-element-860e126 elementor-headline--style-highlight elementor-widget elementor-widget-animated-headline\" data-id=\"860e126\" data-element_type=\"widget\" data-settings=\"{&quot;highlighted_text&quot;:&quot;Zadbaj &quot;,&quot;highlight_animation_duration&quot;:1500,&quot;headline_style&quot;:&quot;highlight&quot;,&quot;marker&quot;:&quot;circle&quot;,&quot;ekit_we_effect_on&quot;:&quot;none&quot;}\" data-widget_type=\"animated-headline.default\">\n\t\t\t\t\t\t\t<h3 class=\"elementor-headline\">\n\t\t\t\t<span class=\"elementor-headline-dynamic-wrapper elementor-headline-text-wrapper\">\n\t\t\t\t\t<span class=\"elementor-headline-dynamic-text elementor-headline-text-active\">Zadbaj <\/span>\n\t\t\t\t<\/span>\n\t\t\t\t\t<span class=\"elementor-headline-plain-text elementor-headline-text-wrapper\"> o zgodno\u015b\u0107 z prawem i zaoszcz\u0119d\u017a czas!<\/span>\n\t\t\t\t\t<\/h3>\n\t\t\t\t\t\t<\/div>\n\t\t\t\t<div class=\"elementor-element elementor-element-061138b elementor-widget__width-inherit elementor-widget elementor-widget-text-editor\" data-id=\"061138b\" data-element_type=\"widget\" data-settings=\"{&quot;ekit_we_effect_on&quot;:&quot;none&quot;}\" data-widget_type=\"text-editor.default\">\n\t\t\t\t\t\t\t\t\t<p>Z nasz\u0105 platform\u0105 zaoszcz\u0119dzisz czas zar\u00f3wno zespo\u0142owi, jak i tw\u00f3rcom. Jak? Zanim influencerzy do\u0142\u0105cz\u0105 do Twojej kampanii, musz\u0105 zaakceptowa\u0107 regulamin. Dzi\u0119ki systemowi indaHash poznaj\u0105 warunki wsp\u00f3\u0142pracy, a Ty unikniesz problem\u00f3w prawnych.   <\/p>\n\t\t\t\t\t\t\t\t<\/div>\n\t\t\t\t<\/div>\n\t\t<div class=\"elementor-element elementor-element-8e6744c e-con-full e-flex e-con e-child\" data-id=\"8e6744c\" data-element_type=\"container\">\n\t\t\t\t<div class=\"elementor-element elementor-element-8569910 elementor-widget elementor-widget-video\" data-id=\"8569910\" data-element_type=\"widget\" data-settings=\"{&quot;video_type&quot;:&quot;hosted&quot;,&quot;autoplay&quot;:&quot;yes&quot;,&quot;play_on_mobile&quot;:&quot;yes&quot;,&quot;mute&quot;:&quot;yes&quot;,&quot;loop&quot;:&quot;yes&quot;,&quot;ekit_we_effect_on&quot;:&quot;none&quot;}\" data-widget_type=\"video.default\">\n\t\t\t\t\t\t\t<div class=\"e-hosted-video elementor-wrapper elementor-open-inline\">\n\t\t\t\t\t<video class=\"elementor-video\" src=\"https:\/\/indahash.com\/wp-content\/uploads\/2024\/01\/Nagranie-z-ekranu-2024-01-8-o-10.48.51.mp4\" autoplay=\"\" loop=\"\" muted=\"muted\" playsinline=\"\" controlsList=\"nodownload\"><\/video>\n\t\t\t\t<\/div>\n\t\t\t\t\t\t<\/div>\n\t\t\t\t<\/div>\n\t\t\t\t\t<\/div>\n\t\t\t\t<\/div>\n\t\t<div class=\"elementor-element elementor-element-353cfda e-flex e-con-boxed e-con e-parent\" data-id=\"353cfda\" data-element_type=\"container\">\n\t\t\t\t\t<div class=\"e-con-inner\">\n\t\t\t\t<div class=\"elementor-element elementor-element-7cd7716 elementor-headline--style-highlight elementor-widget elementor-widget-animated-headline\" data-id=\"7cd7716\" data-element_type=\"widget\" data-settings=\"{&quot;highlighted_text&quot;:&quot;Jak&quot;,&quot;highlight_animation_duration&quot;:1500,&quot;marker&quot;:&quot;underline&quot;,&quot;headline_style&quot;:&quot;highlight&quot;,&quot;ekit_we_effect_on&quot;:&quot;none&quot;}\" data-widget_type=\"animated-headline.default\">\n\t\t\t\t\t\t\t<h3 class=\"elementor-headline\">\n\t\t\t\t<span class=\"elementor-headline-dynamic-wrapper elementor-headline-text-wrapper\">\n\t\t\t\t\t<span class=\"elementor-headline-dynamic-text elementor-headline-text-active\">Jak<\/span>\n\t\t\t\t<\/span>\n\t\t\t\t\t<span class=\"elementor-headline-plain-text elementor-headline-text-wrapper\"> to dzia\u0142a?<\/span>\n\t\t\t\t\t<\/h3>\n\t\t\t\t\t\t<\/div>\n\t\t\t\t\t<\/div>\n\t\t\t\t<\/div>\n\t\t<div class=\"elementor-element elementor-element-b0d8f07 animated-fast e-flex e-con-boxed elementor-invisible e-con e-parent\" data-id=\"b0d8f07\" data-element_type=\"container\" data-settings=\"{&quot;animation&quot;:&quot;slideInUp&quot;}\">\n\t\t\t\t\t<div class=\"e-con-inner\">\n\t\t<div class=\"elementor-element elementor-element-cff6ed4 e-flex e-con-boxed e-con e-child\" data-id=\"cff6ed4\" data-element_type=\"container\">\n\t\t\t\t\t<div class=\"e-con-inner\">\n\t\t<div class=\"elementor-element elementor-element-c792832 e-con-full e-flex e-con e-child\" data-id=\"c792832\" data-element_type=\"container\">\n\t\t\t\t<div class=\"elementor-element elementor-element-4968cb5 elementor-mobile-align-left elementor-widget-mobile__width-auto elementor-widget elementor-widget-button\" data-id=\"4968cb5\" data-element_type=\"widget\" data-settings=\"{&quot;ekit_we_effect_on&quot;:&quot;none&quot;}\" data-widget_type=\"button.default\">\n\t\t\t\t\t\t\t\t\t\t<a class=\"elementor-button elementor-size-sm\" role=\"button\">\n\t\t\t\t\t\t<span class=\"elementor-button-content-wrapper\">\n\t\t\t\t\t\t\t\t\t<span class=\"elementor-button-text\">Krok 1<\/span>\n\t\t\t\t\t<\/span>\n\t\t\t\t\t<\/a>\n\t\t\t\t\t\t\t\t<\/div>\n\t\t\t\t<div class=\"elementor-element elementor-element-6f5f51c elementor-widget elementor-widget-heading\" data-id=\"6f5f51c\" data-element_type=\"widget\" data-settings=\"{&quot;ekit_we_effect_on&quot;:&quot;none&quot;}\" data-widget_type=\"heading.default\">\n\t\t\t\t\t<h5 class=\"elementor-heading-title elementor-size-default\">Rekrutuj tw\u00f3rc\u00f3w<\/h5>\t\t\t\t<\/div>\n\t\t\t\t<div class=\"elementor-element elementor-element-e66fc9d elementor-widget__width-inherit elementor-widget elementor-widget-text-editor\" data-id=\"e66fc9d\" data-element_type=\"widget\" data-settings=\"{&quot;ekit_we_effect_on&quot;:&quot;none&quot;}\" data-widget_type=\"text-editor.default\">\n\t\t\t\t\t\t\t\t\t<p>Zapro\u015b influencer\u00f3w do roli ambasador\u00f3w marki. Czekaj\u0105 Was ekskluzywne tre\u015bci, wzajemne recenzje i rekomendacje. <\/p>\n\t\t\t\t\t\t\t\t<\/div>\n\t\t\t\t<\/div>\n\t\t\t\t<div class=\"elementor-element elementor-element-6b12b1c elementor-widget__width-inherit elementor-widget elementor-widget-image\" data-id=\"6b12b1c\" data-element_type=\"widget\" data-settings=\"{&quot;ekit_we_effect_on&quot;:&quot;none&quot;}\" data-widget_type=\"image.default\">\n\t\t\t\t\t\t\t\t\t\t\t\t\t\t\t<img decoding=\"async\" width=\"800\" height=\"600\" src=\"https:\/\/indahash.com\/wp-content\/uploads\/2023\/08\/Creator-Submission-Extended-Forms0-3-1024x768.png\" class=\"attachment-large size-large wp-image-6367\" alt=\"\" srcset=\"https:\/\/indahash.com\/wp-content\/uploads\/2023\/08\/Creator-Submission-Extended-Forms0-3-1024x768.png 1024w, https:\/\/indahash.com\/wp-content\/uploads\/2023\/08\/Creator-Submission-Extended-Forms0-3-300x225.png 300w, https:\/\/indahash.com\/wp-content\/uploads\/2023\/08\/Creator-Submission-Extended-Forms0-3-768x576.png 768w, https:\/\/indahash.com\/wp-content\/uploads\/2023\/08\/Creator-Submission-Extended-Forms0-3-1536x1152.png 1536w, https:\/\/indahash.com\/wp-content\/uploads\/2023\/08\/Creator-Submission-Extended-Forms0-3-2048x1536.png 2048w\" sizes=\"(max-width: 800px) 100vw, 800px\" \/>\t\t\t\t\t\t\t\t\t\t\t\t\t\t\t<\/div>\n\t\t\t\t\t<\/div>\n\t\t\t\t<\/div>\n\t\t<div class=\"elementor-element elementor-element-1e852fd e-flex e-con-boxed e-con e-child\" data-id=\"1e852fd\" data-element_type=\"container\">\n\t\t\t\t\t<div class=\"e-con-inner\">\n\t\t<div class=\"elementor-element elementor-element-d76c1f9 e-con-full e-flex e-con e-child\" data-id=\"d76c1f9\" data-element_type=\"container\">\n\t\t\t\t<div class=\"elementor-element elementor-element-b19427b elementor-mobile-align-left elementor-widget-mobile__width-auto elementor-widget elementor-widget-button\" data-id=\"b19427b\" data-element_type=\"widget\" data-settings=\"{&quot;ekit_we_effect_on&quot;:&quot;none&quot;}\" data-widget_type=\"button.default\">\n\t\t\t\t\t\t\t\t\t\t<a class=\"elementor-button elementor-size-sm\" role=\"button\">\n\t\t\t\t\t\t<span class=\"elementor-button-content-wrapper\">\n\t\t\t\t\t\t\t\t\t<span class=\"elementor-button-text\">Krok 2<\/span>\n\t\t\t\t\t<\/span>\n\t\t\t\t\t<\/a>\n\t\t\t\t\t\t\t\t<\/div>\n\t\t\t\t<div class=\"elementor-element elementor-element-8e8ef5d elementor-widget elementor-widget-heading\" data-id=\"8e8ef5d\" data-element_type=\"widget\" data-settings=\"{&quot;ekit_we_effect_on&quot;:&quot;none&quot;}\" data-widget_type=\"heading.default\">\n\t\t\t\t\t<h5 class=\"elementor-heading-title elementor-size-default\">Udost\u0119pnij link<\/h5>\t\t\t\t<\/div>\n\t\t\t\t<div class=\"elementor-element elementor-element-a3b2653 elementor-widget__width-inherit elementor-widget elementor-widget-text-editor\" data-id=\"a3b2653\" data-element_type=\"widget\" data-settings=\"{&quot;ekit_we_effect_on&quot;:&quot;none&quot;}\" data-widget_type=\"text-editor.default\">\n\t\t\t\t\t\t\t\t\t<p>Podziel si\u0119 linkiem do rekrutacji i zyskaj wi\u0119cej potencjalnych ambasador\u00f3w. <\/p>\n\t\t\t\t\t\t\t\t<\/div>\n\t\t\t\t<\/div>\n\t\t\t\t<div class=\"elementor-element elementor-element-ebbef03 elementor-widget__width-inherit elementor-widget elementor-widget-image\" data-id=\"ebbef03\" data-element_type=\"widget\" data-settings=\"{&quot;ekit_we_effect_on&quot;:&quot;none&quot;}\" data-widget_type=\"image.default\">\n\t\t\t\t\t\t\t\t\t\t\t\t\t\t\t<img decoding=\"async\" width=\"800\" height=\"600\" src=\"https:\/\/indahash.com\/wp-content\/uploads\/2023\/08\/Creator-Submission-Extended-Forms2-2-1024x768.png\" class=\"attachment-large size-large wp-image-6340\" alt=\"\" srcset=\"https:\/\/indahash.com\/wp-content\/uploads\/2023\/08\/Creator-Submission-Extended-Forms2-2-1024x768.png 1024w, https:\/\/indahash.com\/wp-content\/uploads\/2023\/08\/Creator-Submission-Extended-Forms2-2-300x225.png 300w, https:\/\/indahash.com\/wp-content\/uploads\/2023\/08\/Creator-Submission-Extended-Forms2-2-768x576.png 768w, https:\/\/indahash.com\/wp-content\/uploads\/2023\/08\/Creator-Submission-Extended-Forms2-2-1536x1152.png 1536w, https:\/\/indahash.com\/wp-content\/uploads\/2023\/08\/Creator-Submission-Extended-Forms2-2-2048x1536.png 2048w\" sizes=\"(max-width: 800px) 100vw, 800px\" \/>\t\t\t\t\t\t\t\t\t\t\t\t\t\t\t<\/div>\n\t\t\t\t\t<\/div>\n\t\t\t\t<\/div>\n\t\t<div class=\"elementor-element elementor-element-72a00a3 e-flex e-con-boxed e-con e-child\" data-id=\"72a00a3\" data-element_type=\"container\">\n\t\t\t\t\t<div class=\"e-con-inner\">\n\t\t<div class=\"elementor-element elementor-element-ca2d1c2 e-con-full e-flex e-con e-child\" data-id=\"ca2d1c2\" data-element_type=\"container\">\n\t\t\t\t<div class=\"elementor-element elementor-element-f8a362e elementor-mobile-align-left elementor-widget-mobile__width-auto elementor-widget elementor-widget-button\" data-id=\"f8a362e\" data-element_type=\"widget\" data-settings=\"{&quot;ekit_we_effect_on&quot;:&quot;none&quot;}\" data-widget_type=\"button.default\">\n\t\t\t\t\t\t\t\t\t\t<a class=\"elementor-button elementor-size-sm\" role=\"button\">\n\t\t\t\t\t\t<span class=\"elementor-button-content-wrapper\">\n\t\t\t\t\t\t\t\t\t<span class=\"elementor-button-text\">Krok 3<\/span>\n\t\t\t\t\t<\/span>\n\t\t\t\t\t<\/a>\n\t\t\t\t\t\t\t\t<\/div>\n\t\t\t\t<div class=\"elementor-element elementor-element-9074254 elementor-widget elementor-widget-heading\" data-id=\"9074254\" data-element_type=\"widget\" data-settings=\"{&quot;ekit_we_effect_on&quot;:&quot;none&quot;}\" data-widget_type=\"heading.default\">\n\t\t\t\t\t<h5 class=\"elementor-heading-title elementor-size-default\">Wybierz ambasador\u00f3w<\/h5>\t\t\t\t<\/div>\n\t\t\t\t<div class=\"elementor-element elementor-element-d7ff897 elementor-widget__width-inherit elementor-widget elementor-widget-text-editor\" data-id=\"d7ff897\" data-element_type=\"widget\" data-settings=\"{&quot;ekit_we_effect_on&quot;:&quot;none&quot;}\" data-widget_type=\"text-editor.default\">\n\t\t\t\t\t\t\t\t\t<p>Przejrzyj zg\u0142oszenia i wybierz pasuj\u0105ce nazwiska. Pami\u0119taj, \u017ce w role ambasador\u00f3w powinni wcieli\u0107 si\u0119 jedynie godni zaufania influencerzy.<\/p>\n\t\t\t\t\t\t\t\t<\/div>\n\t\t\t\t<\/div>\n\t\t\t\t<div class=\"elementor-element elementor-element-7b1716d elementor-widget__width-inherit elementor-widget elementor-widget-image\" data-id=\"7b1716d\" data-element_type=\"widget\" data-settings=\"{&quot;ekit_we_effect_on&quot;:&quot;none&quot;}\" data-widget_type=\"image.default\">\n\t\t\t\t\t\t\t\t\t\t\t\t\t\t\t<img loading=\"lazy\" decoding=\"async\" width=\"800\" height=\"600\" src=\"https:\/\/indahash.com\/wp-content\/uploads\/2023\/08\/Creator-Submission-Extended-Forms3-1024x768.png\" class=\"attachment-large size-large wp-image-6369\" alt=\"\" srcset=\"https:\/\/indahash.com\/wp-content\/uploads\/2023\/08\/Creator-Submission-Extended-Forms3-1024x768.png 1024w, https:\/\/indahash.com\/wp-content\/uploads\/2023\/08\/Creator-Submission-Extended-Forms3-300x225.png 300w, https:\/\/indahash.com\/wp-content\/uploads\/2023\/08\/Creator-Submission-Extended-Forms3-768x576.png 768w, https:\/\/indahash.com\/wp-content\/uploads\/2023\/08\/Creator-Submission-Extended-Forms3-1536x1152.png 1536w, https:\/\/indahash.com\/wp-content\/uploads\/2023\/08\/Creator-Submission-Extended-Forms3-2048x1536.png 2048w\" sizes=\"(max-width: 800px) 100vw, 800px\" \/>\t\t\t\t\t\t\t\t\t\t\t\t\t\t\t<\/div>\n\t\t\t\t\t<\/div>\n\t\t\t\t<\/div>\n\t\t\t\t\t<\/div>\n\t\t\t\t<\/div>\n\t\t<div class=\"elementor-element elementor-element-2bc1e002 e-flex e-con-boxed e-con e-parent\" data-id=\"2bc1e002\" data-element_type=\"container\" data-settings=\"{&quot;background_background&quot;:&quot;classic&quot;}\">\n\t\t\t\t\t<div class=\"e-con-inner\">\n\t\t<div class=\"elementor-element elementor-element-4c16e1ec e-con-full e-flex e-con e-child\" data-id=\"4c16e1ec\" data-element_type=\"container\" data-settings=\"{&quot;background_background&quot;:&quot;classic&quot;}\">\n\t\t\t\t<div class=\"elementor-element elementor-element-6e9f2970 elementor-widget elementor-widget-heading\" data-id=\"6e9f2970\" data-element_type=\"widget\" data-settings=\"{&quot;ekit_we_effect_on&quot;:&quot;none&quot;}\" data-widget_type=\"heading.default\">\n\t\t\t\t\t<h3 class=\"elementor-heading-title elementor-size-default\">Um\u00f3w si\u0119 na konsultacj\u0119 z ekspertem \u2013 za 0 z\u0142!<\/h3>\t\t\t\t<\/div>\n\t\t\t\t<div class=\"elementor-element elementor-element-26217d16 elementor-widget elementor-widget-text-editor\" data-id=\"26217d16\" data-element_type=\"widget\" data-settings=\"{&quot;ekit_we_effect_on&quot;:&quot;none&quot;}\" data-widget_type=\"text-editor.default\">\n\t\t\t\t\t\t\t\t\t<p>Podczas rozmowy nazwiemy potrzeby i znajdziemy rozwi\u0105zania, by dzi\u0119ki wsp\u00f3\u0142pracy z influencerami podkre\u015bli\u0107 charakter Twojej marki. Nie zwlekaj \u2013 dzia\u0142aj!<\/p>\n\t\t\t\t\t\t\t\t<\/div>\n\t\t\t\t<div class=\"elementor-element elementor-element-22083ca3 elementor-mobile-align-justify elementor-widget elementor-widget-button\" data-id=\"22083ca3\" data-element_type=\"widget\" data-settings=\"{&quot;ekit_we_effect_on&quot;:&quot;none&quot;}\" data-widget_type=\"button.default\">\n\t\t\t\t\t\t\t\t\t\t<a class=\"elementor-button elementor-button-link elementor-size-sm\" href=\"#\" data-calendly-widget=\"https:\/\/calendly.com\/d\/cpdd-r9n-xhz\">\n\t\t\t\t\t\t<span class=\"elementor-button-content-wrapper\">\n\t\t\t\t\t\t\t\t\t<span class=\"elementor-button-text\">Zarezerwuj demo<\/span>\n\t\t\t\t\t<\/span>\n\t\t\t\t\t<\/a>\n\t\t\t\t\t\t\t\t<\/div>\n\t\t\t\t<\/div>\n\t\t\t\t<div class=\"elementor-element elementor-element-354787b0 elementor-widget__width-inherit elementor-widget elementor-widget-image\" data-id=\"354787b0\" data-element_type=\"widget\" data-settings=\"{&quot;ekit_we_effect_on&quot;:&quot;none&quot;}\" data-widget_type=\"image.default\">\n\t\t\t\t\t\t\t\t\t\t\t\t\t\t\t<img decoding=\"async\" src=\"https:\/\/indahash.com\/wp-content\/uploads\/2023\/07\/Illustration.svg\" class=\"attachment-full size-full wp-image-4463\" alt=\"\" \/>\t\t\t\t\t\t\t\t\t\t\t\t\t\t\t<\/div>\n\t\t\t\t\t<\/div>\n\t\t\t\t<\/div>\n\t\t\t\t<\/div>\n\t\t","protected":false},"excerpt":{"rendered":"<p>Znajd\u017a i zapro\u015b influencer\u00f3w do zostania ambasadorami marki za pomoc\u0105 naszych \u0142atwych w u\u017cyciu formularzy. Oszcz\u0119dzaj czas i zapewnij legalno\u015b\u0107 programu ambasadorskiego swojej firmy.<\/p>\n","protected":false},"author":2,"featured_media":0,"parent":0,"menu_order":0,"comment_status":"closed","ping_status":"closed","template":"","meta":{"footnotes":""},"class_list":["post-15663","page","type-page","status-publish","hentry"],"aioseo_notices":[],"_links":{"self":[{"href":"https:\/\/indahash.com\/pl\/wp-json\/wp\/v2\/pages\/15663","targetHints":{"allow":["GET"]}}],"collection":[{"href":"https:\/\/indahash.com\/pl\/wp-json\/wp\/v2\/pages"}],"about":[{"href":"https:\/\/indahash.com\/pl\/wp-json\/wp\/v2\/types\/page"}],"author":[{"embeddable":true,"href":"https:\/\/indahash.com\/pl\/wp-json\/wp\/v2\/users\/2"}],"replies":[{"embeddable":true,"href":"https:\/\/indahash.com\/pl\/wp-json\/wp\/v2\/comments?post=15663"}],"version-history":[{"count":5,"href":"https:\/\/indahash.com\/pl\/wp-json\/wp\/v2\/pages\/15663\/revisions"}],"predecessor-version":[{"id":15668,"href":"https:\/\/indahash.com\/pl\/wp-json\/wp\/v2\/pages\/15663\/revisions\/15668"}],"wp:attachment":[{"href":"https:\/\/indahash.com\/pl\/wp-json\/wp\/v2\/media?parent=15663"}],"curies":[{"name":"wp","href":"https:\/\/api.w.org\/{rel}","templated":true}]}}