{"id":15671,"date":"2023-07-14T13:04:56","date_gmt":"2023-07-14T11:04:56","guid":{"rendered":"https:\/\/indahash.com\/rozpoznawanie-publikacji\/"},"modified":"2024-05-10T00:35:19","modified_gmt":"2024-05-09T22:35:19","slug":"rozpoznawanie-publikacji","status":"publish","type":"page","link":"https:\/\/indahash.com\/pl\/rozpoznawanie-publikacji\/","title":{"rendered":"Rozpoznawanie publikacji"},"content":{"rendered":"\t\t<div data-elementor-type=\"wp-page\" data-elementor-id=\"15671\" class=\"elementor elementor-15671 elementor-2852\" data-elementor-post-type=\"page\">\n\t\t\t\t<div class=\"elementor-element elementor-element-150b7dfd animated-fast e-flex e-con-boxed elementor-invisible e-con e-parent\" data-id=\"150b7dfd\" data-element_type=\"container\" data-settings=\"{&quot;animation&quot;:&quot;slideInUp&quot;}\">\n\t\t\t\t\t<div class=\"e-con-inner\">\n\t\t<div class=\"elementor-element elementor-element-295b5154 e-con-full e-flex e-con e-child\" data-id=\"295b5154\" data-element_type=\"container\">\n\t\t<div class=\"elementor-element elementor-element-2baf399 e-flex e-con-boxed e-con e-child\" data-id=\"2baf399\" data-element_type=\"container\">\n\t\t\t\t\t<div class=\"e-con-inner\">\n\t\t\t\t<div class=\"elementor-element elementor-element-108c8bf elementor-widget elementor-widget-image\" data-id=\"108c8bf\" data-element_type=\"widget\" data-settings=\"{&quot;ekit_we_effect_on&quot;:&quot;none&quot;}\" data-widget_type=\"image.default\">\n\t\t\t\t\t\t\t\t\t\t\t\t\t\t\t<img fetchpriority=\"high\" decoding=\"async\" width=\"320\" height=\"320\" src=\"https:\/\/indahash.com\/wp-content\/uploads\/2023\/07\/\ud83e\udd16-Robot-face-1.png\" class=\"attachment-full size-full wp-image-4503\" alt=\"\" srcset=\"https:\/\/indahash.com\/wp-content\/uploads\/2023\/07\/\ud83e\udd16-Robot-face-1.png 320w, https:\/\/indahash.com\/wp-content\/uploads\/2023\/07\/\ud83e\udd16-Robot-face-1-300x300.png 300w, https:\/\/indahash.com\/wp-content\/uploads\/2023\/07\/\ud83e\udd16-Robot-face-1-150x150.png 150w, https:\/\/indahash.com\/wp-content\/uploads\/2023\/07\/elementor\/thumbs\/\ud83e\udd16-Robot-face-1-q990grtx0h3mhi4j6y7ipgcrxtc7n8k72zx2c1hqp4.png 36w\" sizes=\"(max-width: 320px) 100vw, 320px\" \/>\t\t\t\t\t\t\t\t\t\t\t\t\t\t\t<\/div>\n\t\t\t\t<div class=\"elementor-element elementor-element-964b971 elementor-widget elementor-widget-heading\" data-id=\"964b971\" data-element_type=\"widget\" data-settings=\"{&quot;ekit_we_effect_on&quot;:&quot;none&quot;}\" data-widget_type=\"heading.default\">\n\t\t\t\t\t<div class=\"elementor-heading-title elementor-size-default\">Automatyzuj procesy<\/div>\t\t\t\t<\/div>\n\t\t\t\t\t<\/div>\n\t\t\t\t<\/div>\n\t\t\t\t<div class=\"elementor-element elementor-element-18e6dba8 elementor-widget elementor-widget-heading\" data-id=\"18e6dba8\" data-element_type=\"widget\" data-settings=\"{&quot;ekit_we_effect_on&quot;:&quot;none&quot;}\" data-widget_type=\"heading.default\">\n\t\t\t\t\t<h2 class=\"elementor-heading-title elementor-size-default\">Rozpoznawanie publikacji<\/h2>\t\t\t\t<\/div>\n\t\t\t\t<div class=\"elementor-element elementor-element-642e9f4f elementor-widget elementor-widget-text-editor\" data-id=\"642e9f4f\" data-element_type=\"widget\" data-settings=\"{&quot;ekit_we_effect_on&quot;:&quot;none&quot;}\" data-widget_type=\"text-editor.default\">\n\t\t\t\t\t\t\t\t\t<p>Odkryj narz\u0119dzie automatycznego wykrywania post\u00f3w, wideo oraz relacji influencer\u00f3w, kt\u00f3rzy bior\u0105 udzia\u0142 w Twojej kampanii.<\/p>\n\t\t\t\t\t\t\t\t<\/div>\n\t\t\t\t<div class=\"elementor-element elementor-element-5651 elementor-mobile-align-justify elementor-widget-mobile__width-inherit elementor-widget elementor-widget-global elementor-global-13296 elementor-global-5651 elementor-widget-button\" data-id=\"5651\" data-element_type=\"widget\" data-settings=\"{&quot;ekit_we_effect_on&quot;:&quot;none&quot;}\" data-widget_type=\"button.default\">\n\t\t\t\t\t\t\t\t\t\t<a class=\"elementor-button elementor-button-link elementor-size-sm\" href=\"https:\/\/indahash.com\/workspace\/lite\">\n\t\t\t\t\t\t<span class=\"elementor-button-content-wrapper\">\n\t\t\t\t\t\t\t\t\t<span class=\"elementor-button-text\">Um\u00f3w si\u0119 na demo<\/span>\n\t\t\t\t\t<\/span>\n\t\t\t\t\t<\/a>\n\t\t\t\t\t\t\t\t<\/div>\n\t\t\t\t<\/div>\n\t\t<div class=\"elementor-element elementor-element-4fe39c6 e-con-full e-flex e-con e-child\" data-id=\"4fe39c6\" data-element_type=\"container\">\n\t\t\t\t<div class=\"elementor-element elementor-element-d176066 elementor-widget elementor-widget-video\" data-id=\"d176066\" data-element_type=\"widget\" data-settings=\"{&quot;video_type&quot;:&quot;hosted&quot;,&quot;autoplay&quot;:&quot;yes&quot;,&quot;play_on_mobile&quot;:&quot;yes&quot;,&quot;mute&quot;:&quot;yes&quot;,&quot;loop&quot;:&quot;yes&quot;,&quot;ekit_we_effect_on&quot;:&quot;none&quot;}\" data-widget_type=\"video.default\">\n\t\t\t\t\t\t\t<div class=\"e-hosted-video elementor-wrapper elementor-open-inline\">\n\t\t\t\t\t<video class=\"elementor-video\" src=\"https:\/\/indahash.com\/wp-content\/uploads\/2024\/01\/Nagranie-z-ekranu-2024-01-8-o-09.35.57.mp4\" autoplay=\"\" loop=\"\" muted=\"muted\" playsinline=\"\" controlsList=\"nodownload\"><\/video>\n\t\t\t\t<\/div>\n\t\t\t\t\t\t<\/div>\n\t\t\t\t<\/div>\n\t\t\t\t\t<\/div>\n\t\t\t\t<\/div>\n\t\t<div class=\"elementor-element elementor-element-4cf91b9 animated-fast e-flex e-con-boxed elementor-invisible e-con e-parent\" data-id=\"4cf91b9\" data-element_type=\"container\" data-settings=\"{&quot;animation&quot;:&quot;slideInUp&quot;}\">\n\t\t\t\t\t<div class=\"e-con-inner\">\n\t\t<div class=\"elementor-element elementor-element-2387876 e-con-full e-flex e-con e-child\" data-id=\"2387876\" data-element_type=\"container\">\n\t\t\t\t<div class=\"elementor-element elementor-element-c3c36eb elementor-widget__width-inherit elementor-widget elementor-widget-text-editor\" data-id=\"c3c36eb\" data-element_type=\"widget\" data-settings=\"{&quot;ekit_we_effect_on&quot;:&quot;none&quot;}\" data-widget_type=\"text-editor.default\">\n\t\t\t\t\t\t\t\t\t<p>Czy r\u0119czne wyszukiwanie post\u00f3w to przesz\u0142o\u015b\u0107? Zdecydowanie tak. Z indaHash zlecisz wykrywanie post\u00f3w i po\u015bwi\u0119cisz czas innym potrzebom kampanii (w tym np. analizie strategii). <\/p>\n<p>Jak to dzia\u0142a? Narz\u0119dzie automatycznie wykryje interesuj\u0105ce Ci\u0119 publikacje na Instagramie, TikToku i YouTube. Ujawni pe\u0142en zasi\u0119g dotarcia i zachowania grupy docelowej, a Ty, dzi\u0119ki filtrom (ramom czasowym, s\u0142owom kluczowym i hashtagom), por\u00f3wnasz finalne kreacje do pierwotnych za\u0142o\u017ce\u0144. <\/p>\n<p>Zadbaj o sp\u00f3jno\u015b\u0107, no\u015bno\u015b\u0107 i ko\u0144cowy odbi\u00f3r kampanii z indahash! <\/p>\n\t\t\t\t\t\t\t\t<\/div>\n\t\t\t\t<\/div>\n\t\t<div class=\"elementor-element elementor-element-91787ee e-con-full e-flex e-con e-child\" data-id=\"91787ee\" data-element_type=\"container\">\n\t\t\t\t<div class=\"elementor-element elementor-element-47dc27e elementor-widget__width-inherit elementor-widget elementor-widget-image\" data-id=\"47dc27e\" data-element_type=\"widget\" data-settings=\"{&quot;ekit_we_effect_on&quot;:&quot;none&quot;}\" data-widget_type=\"image.default\">\n\t\t\t\t\t\t\t\t\t\t\t\t\t\t\t<img decoding=\"async\" width=\"800\" height=\"675\" src=\"https:\/\/indahash.com\/wp-content\/uploads\/2023\/08\/Frame-33972-1-1024x864.png\" class=\"attachment-large size-large wp-image-6436\" alt=\"\" srcset=\"https:\/\/indahash.com\/wp-content\/uploads\/2023\/08\/Frame-33972-1-1024x864.png 1024w, https:\/\/indahash.com\/wp-content\/uploads\/2023\/08\/Frame-33972-1-300x253.png 300w, https:\/\/indahash.com\/wp-content\/uploads\/2023\/08\/Frame-33972-1-768x648.png 768w, https:\/\/indahash.com\/wp-content\/uploads\/2023\/08\/Frame-33972-1-1536x1296.png 1536w, https:\/\/indahash.com\/wp-content\/uploads\/2023\/08\/Frame-33972-1-2048x1728.png 2048w\" sizes=\"(max-width: 800px) 100vw, 800px\" \/>\t\t\t\t\t\t\t\t\t\t\t\t\t\t\t<\/div>\n\t\t\t\t<\/div>\n\t\t\t\t\t<\/div>\n\t\t\t\t<\/div>\n\t\t<div class=\"elementor-element elementor-element-5bdef25 e-flex e-con-boxed e-con e-parent\" data-id=\"5bdef25\" data-element_type=\"container\">\n\t\t\t\t\t<div class=\"e-con-inner\">\n\t\t\t\t<div class=\"elementor-element elementor-element-542698d elementor-widget elementor-widget-heading\" data-id=\"542698d\" data-element_type=\"widget\" data-settings=\"{&quot;ekit_we_effect_on&quot;:&quot;none&quot;}\" data-widget_type=\"heading.default\">\n\t\t\t\t\t<h3 class=\"elementor-heading-title elementor-size-default\">Jak to zrobi\u0107?<\/h3>\t\t\t\t<\/div>\n\t\t\t\t\t<\/div>\n\t\t\t\t<\/div>\n\t\t<div class=\"elementor-element elementor-element-600a1bf animated-fast e-flex e-con-boxed elementor-invisible e-con e-parent\" data-id=\"600a1bf\" data-element_type=\"container\" data-settings=\"{&quot;animation&quot;:&quot;slideInUp&quot;}\">\n\t\t\t\t\t<div class=\"e-con-inner\">\n\t\t\t\t<div class=\"elementor-element elementor-element-a061c82 elementor-widget__width-inherit elementor-widget elementor-widget-image\" data-id=\"a061c82\" data-element_type=\"widget\" data-settings=\"{&quot;ekit_we_effect_on&quot;:&quot;none&quot;}\" data-widget_type=\"image.default\">\n\t\t\t\t\t\t\t\t\t\t\t\t\t\t\t<img decoding=\"async\" width=\"800\" height=\"800\" src=\"https:\/\/indahash.com\/wp-content\/uploads\/2023\/08\/Auto-Detect-Publications11-1024x1024.png\" class=\"attachment-large size-large wp-image-6430\" alt=\"\" srcset=\"https:\/\/indahash.com\/wp-content\/uploads\/2023\/08\/Auto-Detect-Publications11-1024x1024.png 1024w, https:\/\/indahash.com\/wp-content\/uploads\/2023\/08\/Auto-Detect-Publications11-300x300.png 300w, https:\/\/indahash.com\/wp-content\/uploads\/2023\/08\/Auto-Detect-Publications11-150x150.png 150w, https:\/\/indahash.com\/wp-content\/uploads\/2023\/08\/Auto-Detect-Publications11-768x768.png 768w, https:\/\/indahash.com\/wp-content\/uploads\/2023\/08\/Auto-Detect-Publications11-1536x1536.png 1536w, https:\/\/indahash.com\/wp-content\/uploads\/2023\/08\/Auto-Detect-Publications11-2048x2048.png 2048w\" sizes=\"(max-width: 800px) 100vw, 800px\" \/>\t\t\t\t\t\t\t\t\t\t\t\t\t\t\t<\/div>\n\t\t<div class=\"elementor-element elementor-element-69787f6 e-con-full e-flex e-con e-child\" data-id=\"69787f6\" data-element_type=\"container\">\n\t\t\t\t<div class=\"elementor-element elementor-element-5ee37b9 elementor-mobile-align-left elementor-widget-mobile__width-auto elementor-widget elementor-widget-button\" data-id=\"5ee37b9\" data-element_type=\"widget\" data-settings=\"{&quot;ekit_we_effect_on&quot;:&quot;none&quot;}\" data-widget_type=\"button.default\">\n\t\t\t\t\t\t\t\t\t\t<a class=\"elementor-button elementor-size-sm\" role=\"button\">\n\t\t\t\t\t\t<span class=\"elementor-button-content-wrapper\">\n\t\t\t\t\t\t\t\t\t<span class=\"elementor-button-text\">Krok 1<\/span>\n\t\t\t\t\t<\/span>\n\t\t\t\t\t<\/a>\n\t\t\t\t\t\t\t\t<\/div>\n\t\t\t\t<div class=\"elementor-element elementor-element-30eebc1 elementor-widget elementor-widget-heading\" data-id=\"30eebc1\" data-element_type=\"widget\" data-settings=\"{&quot;ekit_we_effect_on&quot;:&quot;none&quot;}\" data-widget_type=\"heading.default\">\n\t\t\t\t\t<h5 class=\"elementor-heading-title elementor-size-default\">Przejd\u017a do wybranej kampanii<\/h5>\t\t\t\t<\/div>\n\t\t\t\t<div class=\"elementor-element elementor-element-410ca6c elementor-widget__width-inherit elementor-widget elementor-widget-text-editor\" data-id=\"410ca6c\" data-element_type=\"widget\" data-settings=\"{&quot;ekit_we_effect_on&quot;:&quot;none&quot;}\" data-widget_type=\"text-editor.default\">\n\t\t\t\t\t\t\t\t\t<p>Kliknij w zak\u0142adk\u0119 \u201cPublikacje\u201d, a potem \u201cAktywuj rozpoznawanie publikacji\u201d.<\/p>\n\t\t\t\t\t\t\t\t<\/div>\n\t\t\t\t<\/div>\n\t\t\t\t\t<\/div>\n\t\t\t\t<\/div>\n\t\t<div class=\"elementor-element elementor-element-e5d9968 animated-fast e-flex e-con-boxed elementor-invisible e-con e-parent\" data-id=\"e5d9968\" data-element_type=\"container\" data-settings=\"{&quot;animation&quot;:&quot;slideInUp&quot;}\">\n\t\t\t\t\t<div class=\"e-con-inner\">\n\t\t<div class=\"elementor-element elementor-element-1b7083c e-con-full e-flex e-con e-child\" data-id=\"1b7083c\" data-element_type=\"container\">\n\t\t\t\t<div class=\"elementor-element elementor-element-c50fb84 elementor-mobile-align-left elementor-widget-mobile__width-auto elementor-widget elementor-widget-button\" data-id=\"c50fb84\" data-element_type=\"widget\" data-settings=\"{&quot;ekit_we_effect_on&quot;:&quot;none&quot;}\" data-widget_type=\"button.default\">\n\t\t\t\t\t\t\t\t\t\t<a class=\"elementor-button elementor-size-sm\" role=\"button\">\n\t\t\t\t\t\t<span class=\"elementor-button-content-wrapper\">\n\t\t\t\t\t\t\t\t\t<span class=\"elementor-button-text\">Krok 2<\/span>\n\t\t\t\t\t<\/span>\n\t\t\t\t\t<\/a>\n\t\t\t\t\t\t\t\t<\/div>\n\t\t\t\t<div class=\"elementor-element elementor-element-9fe77e4 elementor-widget elementor-widget-heading\" data-id=\"9fe77e4\" data-element_type=\"widget\" data-settings=\"{&quot;ekit_we_effect_on&quot;:&quot;none&quot;}\" data-widget_type=\"heading.default\">\n\t\t\t\t\t<h5 class=\"elementor-heading-title elementor-size-default\">W\u0142\u0105cz narz\u0119dzie<\/h5>\t\t\t\t<\/div>\n\t\t\t\t<div class=\"elementor-element elementor-element-934522b elementor-widget__width-inherit elementor-widget elementor-widget-text-editor\" data-id=\"934522b\" data-element_type=\"widget\" data-settings=\"{&quot;ekit_we_effect_on&quot;:&quot;none&quot;}\" data-widget_type=\"text-editor.default\">\n\t\t\t\t\t\t\t\t\t<p>Przesu\u0144 suwak w panelu \u201cAutomatyzacje\u201d.<\/p>\n\t\t\t\t\t\t\t\t<\/div>\n\t\t\t\t<\/div>\n\t\t\t\t<div class=\"elementor-element elementor-element-12ae9bf elementor-widget__width-inherit elementor-widget elementor-widget-image\" data-id=\"12ae9bf\" data-element_type=\"widget\" data-settings=\"{&quot;ekit_we_effect_on&quot;:&quot;none&quot;}\" data-widget_type=\"image.default\">\n\t\t\t\t\t\t\t\t\t\t\t\t\t\t\t<img loading=\"lazy\" decoding=\"async\" width=\"800\" height=\"800\" src=\"https:\/\/indahash.com\/wp-content\/uploads\/2023\/08\/Auto-Detect-Publications2-3-1024x1024.png\" class=\"attachment-large size-large wp-image-6415\" alt=\"\" srcset=\"https:\/\/indahash.com\/wp-content\/uploads\/2023\/08\/Auto-Detect-Publications2-3-1024x1024.png 1024w, https:\/\/indahash.com\/wp-content\/uploads\/2023\/08\/Auto-Detect-Publications2-3-300x300.png 300w, https:\/\/indahash.com\/wp-content\/uploads\/2023\/08\/Auto-Detect-Publications2-3-150x150.png 150w, https:\/\/indahash.com\/wp-content\/uploads\/2023\/08\/Auto-Detect-Publications2-3-768x768.png 768w, https:\/\/indahash.com\/wp-content\/uploads\/2023\/08\/Auto-Detect-Publications2-3-1536x1536.png 1536w, https:\/\/indahash.com\/wp-content\/uploads\/2023\/08\/Auto-Detect-Publications2-3-2048x2048.png 2048w\" sizes=\"(max-width: 800px) 100vw, 800px\" \/>\t\t\t\t\t\t\t\t\t\t\t\t\t\t\t<\/div>\n\t\t\t\t\t<\/div>\n\t\t\t\t<\/div>\n\t\t<div class=\"elementor-element elementor-element-ceee77b animated-fast e-flex e-con-boxed elementor-invisible e-con e-parent\" data-id=\"ceee77b\" data-element_type=\"container\" data-settings=\"{&quot;animation&quot;:&quot;slideInUp&quot;}\">\n\t\t\t\t\t<div class=\"e-con-inner\">\n\t\t\t\t<div class=\"elementor-element elementor-element-f0576aa elementor-widget__width-inherit elementor-widget elementor-widget-image\" data-id=\"f0576aa\" data-element_type=\"widget\" data-settings=\"{&quot;ekit_we_effect_on&quot;:&quot;none&quot;}\" data-widget_type=\"image.default\">\n\t\t\t\t\t\t\t\t\t\t\t\t\t\t\t<img loading=\"lazy\" decoding=\"async\" width=\"800\" height=\"800\" src=\"https:\/\/indahash.com\/wp-content\/uploads\/2023\/08\/Auto-Detect-Publications3-1024x1024.png\" class=\"attachment-large size-large wp-image-6417\" alt=\"\" srcset=\"https:\/\/indahash.com\/wp-content\/uploads\/2023\/08\/Auto-Detect-Publications3-1024x1024.png 1024w, https:\/\/indahash.com\/wp-content\/uploads\/2023\/08\/Auto-Detect-Publications3-300x300.png 300w, https:\/\/indahash.com\/wp-content\/uploads\/2023\/08\/Auto-Detect-Publications3-150x150.png 150w, https:\/\/indahash.com\/wp-content\/uploads\/2023\/08\/Auto-Detect-Publications3-768x768.png 768w, https:\/\/indahash.com\/wp-content\/uploads\/2023\/08\/Auto-Detect-Publications3-1536x1536.png 1536w, https:\/\/indahash.com\/wp-content\/uploads\/2023\/08\/Auto-Detect-Publications3-2048x2048.png 2048w\" sizes=\"(max-width: 800px) 100vw, 800px\" \/>\t\t\t\t\t\t\t\t\t\t\t\t\t\t\t<\/div>\n\t\t<div class=\"elementor-element elementor-element-5129b15 e-con-full e-flex e-con e-child\" data-id=\"5129b15\" data-element_type=\"container\">\n\t\t\t\t<div class=\"elementor-element elementor-element-870ca5e elementor-mobile-align-left elementor-widget-mobile__width-auto elementor-widget elementor-widget-button\" data-id=\"870ca5e\" data-element_type=\"widget\" data-settings=\"{&quot;ekit_we_effect_on&quot;:&quot;none&quot;}\" data-widget_type=\"button.default\">\n\t\t\t\t\t\t\t\t\t\t<a class=\"elementor-button elementor-size-sm\" role=\"button\">\n\t\t\t\t\t\t<span class=\"elementor-button-content-wrapper\">\n\t\t\t\t\t\t\t\t\t<span class=\"elementor-button-text\">Krok 3<\/span>\n\t\t\t\t\t<\/span>\n\t\t\t\t\t<\/a>\n\t\t\t\t\t\t\t\t<\/div>\n\t\t\t\t<div class=\"elementor-element elementor-element-2e51552 elementor-widget elementor-widget-heading\" data-id=\"2e51552\" data-element_type=\"widget\" data-settings=\"{&quot;ekit_we_effect_on&quot;:&quot;none&quot;}\" data-widget_type=\"heading.default\">\n\t\t\t\t\t<h5 class=\"elementor-heading-title elementor-size-default\">Spersonalizuj ustawienia<\/h5>\t\t\t\t<\/div>\n\t\t\t\t<div class=\"elementor-element elementor-element-72f98c5 elementor-widget__width-inherit elementor-widget elementor-widget-text-editor\" data-id=\"72f98c5\" data-element_type=\"widget\" data-settings=\"{&quot;ekit_we_effect_on&quot;:&quot;none&quot;}\" data-widget_type=\"text-editor.default\">\n\t\t\t\t\t\t\t\t\t<p>Dopasuj wybrane opcje do w\u0142asnych potrzeb i kliknij \u201cUruchom\u201d.<\/p>\n\t\t\t\t\t\t\t\t<\/div>\n\t\t\t\t<\/div>\n\t\t\t\t\t<\/div>\n\t\t\t\t<\/div>\n\t\t<div class=\"elementor-element elementor-element-658d6b3e e-flex e-con-boxed e-con e-parent\" data-id=\"658d6b3e\" data-element_type=\"container\" data-settings=\"{&quot;background_background&quot;:&quot;classic&quot;}\">\n\t\t\t\t\t<div class=\"e-con-inner\">\n\t\t<div class=\"elementor-element elementor-element-18e5fea4 e-con-full e-flex e-con e-child\" data-id=\"18e5fea4\" data-element_type=\"container\" data-settings=\"{&quot;background_background&quot;:&quot;classic&quot;}\">\n\t\t\t\t<div class=\"elementor-element elementor-element-113c5e8a elementor-widget elementor-widget-heading\" data-id=\"113c5e8a\" data-element_type=\"widget\" data-settings=\"{&quot;ekit_we_effect_on&quot;:&quot;none&quot;}\" data-widget_type=\"heading.default\">\n\t\t\t\t\t<h3 class=\"elementor-heading-title elementor-size-default\">Um\u00f3w si\u0119 na konsultacj\u0119 z ekspertem \u2013 za 0 z\u0142!<\/h3>\t\t\t\t<\/div>\n\t\t\t\t<div class=\"elementor-element elementor-element-4f0f0795 elementor-widget elementor-widget-text-editor\" data-id=\"4f0f0795\" data-element_type=\"widget\" data-settings=\"{&quot;ekit_we_effect_on&quot;:&quot;none&quot;}\" data-widget_type=\"text-editor.default\">\n\t\t\t\t\t\t\t\t\t<p>Podczas rozmowy nazwiemy potrzeby i znajdziemy rozwi\u0105zania, by dzi\u0119ki wsp\u00f3\u0142pracy z influencerami podkre\u015bli\u0107 charakter Twojej marki. Nie zwlekaj \u2013 dzia\u0142aj!<\/p>\n\t\t\t\t\t\t\t\t<\/div>\n\t\t\t\t<div class=\"elementor-element elementor-element-1b8189aa elementor-mobile-align-justify elementor-widget elementor-widget-button\" data-id=\"1b8189aa\" data-element_type=\"widget\" data-settings=\"{&quot;ekit_we_effect_on&quot;:&quot;none&quot;}\" data-widget_type=\"button.default\">\n\t\t\t\t\t\t\t\t\t\t<a class=\"elementor-button elementor-button-link elementor-size-sm\" href=\"#\" data-calendly-widget=\"https:\/\/calendly.com\/d\/cpdd-r9n-xhz\">\n\t\t\t\t\t\t<span class=\"elementor-button-content-wrapper\">\n\t\t\t\t\t\t\t\t\t<span class=\"elementor-button-text\">Zarezerwuj demo<\/span>\n\t\t\t\t\t<\/span>\n\t\t\t\t\t<\/a>\n\t\t\t\t\t\t\t\t<\/div>\n\t\t\t\t<\/div>\n\t\t\t\t<div class=\"elementor-element elementor-element-443464b7 elementor-widget__width-inherit elementor-widget elementor-widget-image\" data-id=\"443464b7\" data-element_type=\"widget\" data-settings=\"{&quot;ekit_we_effect_on&quot;:&quot;none&quot;}\" data-widget_type=\"image.default\">\n\t\t\t\t\t\t\t\t\t\t\t\t\t\t\t<img decoding=\"async\" src=\"https:\/\/indahash.com\/wp-content\/uploads\/2023\/07\/Illustration.svg\" class=\"attachment-full size-full wp-image-4463\" alt=\"\" \/>\t\t\t\t\t\t\t\t\t\t\t\t\t\t\t<\/div>\n\t\t\t\t\t<\/div>\n\t\t\t\t<\/div>\n\t\t\t\t<\/div>\n\t\t","protected":false},"excerpt":{"rendered":"<p>Automatyczne wykrywanie publikacji w indaHash: Oszcz\u0119dzaj czas i wysi\u0142ek, automatycznie zbieraj\u0105c publikacje wszystkich tw\u00f3rc\u00f3w dodanych do kampanii.<\/p>\n","protected":false},"author":2,"featured_media":0,"parent":0,"menu_order":0,"comment_status":"closed","ping_status":"closed","template":"","meta":{"footnotes":""},"class_list":["post-15671","page","type-page","status-publish","hentry"],"aioseo_notices":[],"_links":{"self":[{"href":"https:\/\/indahash.com\/pl\/wp-json\/wp\/v2\/pages\/15671","targetHints":{"allow":["GET"]}}],"collection":[{"href":"https:\/\/indahash.com\/pl\/wp-json\/wp\/v2\/pages"}],"about":[{"href":"https:\/\/indahash.com\/pl\/wp-json\/wp\/v2\/types\/page"}],"author":[{"embeddable":true,"href":"https:\/\/indahash.com\/pl\/wp-json\/wp\/v2\/users\/2"}],"replies":[{"embeddable":true,"href":"https:\/\/indahash.com\/pl\/wp-json\/wp\/v2\/comments?post=15671"}],"version-history":[{"count":1,"href":"https:\/\/indahash.com\/pl\/wp-json\/wp\/v2\/pages\/15671\/revisions"}],"predecessor-version":[{"id":15672,"href":"https:\/\/indahash.com\/pl\/wp-json\/wp\/v2\/pages\/15671\/revisions\/15672"}],"wp:attachment":[{"href":"https:\/\/indahash.com\/pl\/wp-json\/wp\/v2\/media?parent=15671"}],"curies":[{"name":"wp","href":"https:\/\/api.w.org\/{rel}","templated":true}]}}