{"id":15675,"date":"2023-07-14T13:08:51","date_gmt":"2023-07-14T11:08:51","guid":{"rendered":"https:\/\/indahash.com\/integracje-z-platformami\/"},"modified":"2024-05-13T23:32:59","modified_gmt":"2024-05-13T21:32:59","slug":"integracje-z-platformami","status":"publish","type":"page","link":"https:\/\/indahash.com\/pl\/integracje-z-platformami\/","title":{"rendered":"Integracje z platformami"},"content":{"rendered":"\t\t<div data-elementor-type=\"wp-page\" data-elementor-id=\"15675\" class=\"elementor elementor-15675 elementor-2867\" data-elementor-post-type=\"page\">\n\t\t\t\t<div class=\"elementor-element elementor-element-150b7dfd animated-fast e-flex e-con-boxed elementor-invisible e-con e-parent\" data-id=\"150b7dfd\" data-element_type=\"container\" data-settings=\"{&quot;animation&quot;:&quot;slideInUp&quot;}\">\n\t\t\t\t\t<div class=\"e-con-inner\">\n\t\t<div class=\"elementor-element elementor-element-295b5154 e-con-full e-flex e-con e-child\" data-id=\"295b5154\" data-element_type=\"container\">\n\t\t<div class=\"elementor-element elementor-element-2baf399 e-flex e-con-boxed e-con e-child\" data-id=\"2baf399\" data-element_type=\"container\">\n\t\t\t\t\t<div class=\"e-con-inner\">\n\t\t\t\t<div class=\"elementor-element elementor-element-108c8bf elementor-widget elementor-widget-image\" data-id=\"108c8bf\" data-element_type=\"widget\" data-settings=\"{&quot;ekit_we_effect_on&quot;:&quot;none&quot;}\" data-widget_type=\"image.default\">\n\t\t\t\t\t\t\t\t\t\t\t\t\t\t\t<img fetchpriority=\"high\" decoding=\"async\" width=\"320\" height=\"320\" src=\"https:\/\/indahash.com\/wp-content\/uploads\/2023\/07\/\ud83e\udd16-Robot-face-1.png\" class=\"attachment-full size-full wp-image-4503\" alt=\"\" srcset=\"https:\/\/indahash.com\/wp-content\/uploads\/2023\/07\/\ud83e\udd16-Robot-face-1.png 320w, https:\/\/indahash.com\/wp-content\/uploads\/2023\/07\/\ud83e\udd16-Robot-face-1-300x300.png 300w, https:\/\/indahash.com\/wp-content\/uploads\/2023\/07\/\ud83e\udd16-Robot-face-1-150x150.png 150w, https:\/\/indahash.com\/wp-content\/uploads\/2023\/07\/elementor\/thumbs\/\ud83e\udd16-Robot-face-1-q990grtx0h3mhi4j6y7ipgcrxtc7n8k72zx2c1hqp4.png 36w\" sizes=\"(max-width: 320px) 100vw, 320px\" \/>\t\t\t\t\t\t\t\t\t\t\t\t\t\t\t<\/div>\n\t\t\t\t<div class=\"elementor-element elementor-element-964b971 elementor-widget elementor-widget-heading\" data-id=\"964b971\" data-element_type=\"widget\" data-settings=\"{&quot;ekit_we_effect_on&quot;:&quot;none&quot;}\" data-widget_type=\"heading.default\">\n\t\t\t\t\t<div class=\"elementor-heading-title elementor-size-default\">Automatyzuj procesy<\/div>\t\t\t\t<\/div>\n\t\t\t\t\t<\/div>\n\t\t\t\t<\/div>\n\t\t\t\t<div class=\"elementor-element elementor-element-18e6dba8 elementor-widget elementor-widget-heading\" data-id=\"18e6dba8\" data-element_type=\"widget\" data-settings=\"{&quot;ekit_we_effect_on&quot;:&quot;none&quot;}\" data-widget_type=\"heading.default\">\n\t\t\t\t\t<h2 class=\"elementor-heading-title elementor-size-default\">Integracja<\/h2>\t\t\t\t<\/div>\n\t\t\t\t<div class=\"elementor-element elementor-element-5651 elementor-mobile-align-justify elementor-widget-mobile__width-inherit elementor-widget elementor-widget-global elementor-global-13296 elementor-global-5651 elementor-widget-button\" data-id=\"5651\" data-element_type=\"widget\" data-settings=\"{&quot;ekit_we_effect_on&quot;:&quot;none&quot;}\" data-widget_type=\"button.default\">\n\t\t\t\t\t\t\t\t\t\t<a class=\"elementor-button elementor-button-link elementor-size-sm\" href=\"https:\/\/indahash.com\/workspace\/lite\">\n\t\t\t\t\t\t<span class=\"elementor-button-content-wrapper\">\n\t\t\t\t\t\t\t\t\t<span class=\"elementor-button-text\">Um\u00f3w si\u0119 na demo<\/span>\n\t\t\t\t\t<\/span>\n\t\t\t\t\t<\/a>\n\t\t\t\t\t\t\t\t<\/div>\n\t\t\t\t<\/div>\n\t\t\t\t<div class=\"elementor-element elementor-element-f644733 elementor-widget__width-inherit elementor-widget elementor-widget-image\" data-id=\"f644733\" data-element_type=\"widget\" data-settings=\"{&quot;ekit_we_effect_on&quot;:&quot;none&quot;}\" data-widget_type=\"image.default\">\n\t\t\t\t\t\t\t\t\t\t\t\t\t\t\t<img decoding=\"async\" width=\"800\" height=\"827\" src=\"https:\/\/indahash.com\/wp-content\/uploads\/2023\/08\/Integrations-Agnostic-Platform-3-991x1024.png\" class=\"attachment-large size-large wp-image-6683\" alt=\"\" srcset=\"https:\/\/indahash.com\/wp-content\/uploads\/2023\/08\/Integrations-Agnostic-Platform-3-991x1024.png 991w, https:\/\/indahash.com\/wp-content\/uploads\/2023\/08\/Integrations-Agnostic-Platform-3-290x300.png 290w, https:\/\/indahash.com\/wp-content\/uploads\/2023\/08\/Integrations-Agnostic-Platform-3-768x794.png 768w, https:\/\/indahash.com\/wp-content\/uploads\/2023\/08\/Integrations-Agnostic-Platform-3-1486x1536.png 1486w, https:\/\/indahash.com\/wp-content\/uploads\/2023\/08\/Integrations-Agnostic-Platform-3-1982x2048.png 1982w\" sizes=\"(max-width: 800px) 100vw, 800px\" \/>\t\t\t\t\t\t\t\t\t\t\t\t\t\t\t<\/div>\n\t\t\t\t\t<\/div>\n\t\t\t\t<\/div>\n\t\t<div class=\"elementor-element elementor-element-45b1da7 animated-fast e-flex e-con-boxed elementor-invisible e-con e-parent\" data-id=\"45b1da7\" data-element_type=\"container\" data-settings=\"{&quot;animation&quot;:&quot;slideInUp&quot;}\">\n\t\t\t\t\t<div class=\"e-con-inner\">\n\t\t<div class=\"elementor-element elementor-element-667c0cb e-con-full e-flex e-con e-child\" data-id=\"667c0cb\" data-element_type=\"container\">\n\t\t\t\t<div class=\"elementor-element elementor-element-98ba9a0 elementor-widget__width-inherit elementor-widget elementor-widget-image\" data-id=\"98ba9a0\" data-element_type=\"widget\" data-settings=\"{&quot;ekit_we_effect_on&quot;:&quot;none&quot;}\" data-widget_type=\"image.default\">\n\t\t\t\t\t\t\t\t\t\t\t\t\t\t\t<img decoding=\"async\" width=\"1\" height=\"1\" src=\"https:\/\/indahash.com\/wp-content\/uploads\/2023\/12\/Integrations-Agnostic-Platform-1-1.svg\" class=\"attachment-large size-large wp-image-12143\" alt=\"\" \/>\t\t\t\t\t\t\t\t\t\t\t\t\t\t\t<\/div>\n\t\t\t\t<\/div>\n\t\t<div class=\"elementor-element elementor-element-1a3f109 e-con-full e-flex e-con e-child\" data-id=\"1a3f109\" data-element_type=\"container\">\n\t\t\t\t<div class=\"elementor-element elementor-element-31be437 elementor-widget elementor-widget-heading\" data-id=\"31be437\" data-element_type=\"widget\" data-settings=\"{&quot;ekit_we_effect_on&quot;:&quot;none&quot;}\" data-widget_type=\"heading.default\">\n\t\t\t\t\t<h3 class=\"elementor-heading-title elementor-size-default\">Zgromad\u017a dane z wielu platform!<\/h3>\t\t\t\t<\/div>\n\t\t\t\t<div class=\"elementor-element elementor-element-bcd3494 elementor-widget__width-inherit elementor-widget elementor-widget-text-editor\" data-id=\"bcd3494\" data-element_type=\"widget\" data-settings=\"{&quot;ekit_we_effect_on&quot;:&quot;none&quot;}\" data-widget_type=\"text-editor.default\">\n\t\t\t\t\t\t\t\t\t<p>Dzi\u0119ki nowoczesnemu oprogramowaniu prze\u015bledzisz aktywno\u015b\u0107 tw\u00f3rc\u00f3w na 9 platformach SoMe jednocze\u015bnie.. Zaznaczysz, kt\u00f3re informacje interesuj\u0105 Ci\u0119 najbardziej i \u0142atwo zsynchronizujesz je z pozosta\u0142ymi. Z indaHash raportowanie nigdy nie by\u0142o prostsze. Nie wierzysz? Sprawd\u017a! <\/p>\n\t\t\t\t\t\t\t\t<\/div>\n\t\t\t\t<\/div>\n\t\t\t\t\t<\/div>\n\t\t\t\t<\/div>\n\t\t<div class=\"elementor-element elementor-element-e1eeb1e animated-fast e-flex e-con-boxed elementor-invisible e-con e-parent\" data-id=\"e1eeb1e\" data-element_type=\"container\" data-settings=\"{&quot;animation&quot;:&quot;slideInUp&quot;}\">\n\t\t\t\t\t<div class=\"e-con-inner\">\n\t\t<div class=\"elementor-element elementor-element-792a3ce e-con-full e-flex e-con e-child\" data-id=\"792a3ce\" data-element_type=\"container\">\n\t\t\t\t<div class=\"elementor-element elementor-element-91c6478 elementor-headline--style-highlight elementor-widget elementor-widget-animated-headline\" data-id=\"91c6478\" data-element_type=\"widget\" data-settings=\"{&quot;highlighted_text&quot;:&quot;Jak&quot;,&quot;highlight_animation_duration&quot;:1500,&quot;marker&quot;:&quot;underline&quot;,&quot;headline_style&quot;:&quot;highlight&quot;,&quot;ekit_we_effect_on&quot;:&quot;none&quot;}\" data-widget_type=\"animated-headline.default\">\n\t\t\t\t\t\t\t<h3 class=\"elementor-headline\">\n\t\t\t\t<span class=\"elementor-headline-dynamic-wrapper elementor-headline-text-wrapper\">\n\t\t\t\t\t<span class=\"elementor-headline-dynamic-text elementor-headline-text-active\">Jak<\/span>\n\t\t\t\t<\/span>\n\t\t\t\t\t<span class=\"elementor-headline-plain-text elementor-headline-text-wrapper\"> to dzia\u0142a?<\/span>\n\t\t\t\t\t<\/h3>\n\t\t\t\t\t\t<\/div>\n\t\t\t\t<div class=\"elementor-element elementor-element-e8a8918 elementor-widget__width-inherit elementor-widget elementor-widget-text-editor\" data-id=\"e8a8918\" data-element_type=\"widget\" data-settings=\"{&quot;ekit_we_effect_on&quot;:&quot;none&quot;}\" data-widget_type=\"text-editor.default\">\n\t\t\t\t\t\t\t\t\t<p>B\u0119dziesz w stanie:<\/p>\n\t\t\t\t\t\t\t\t<\/div>\n\t\t\t\t<div class=\"elementor-element elementor-element-387aefb elementor-icon-list--layout-traditional elementor-list-item-link-full_width elementor-widget elementor-widget-icon-list\" data-id=\"387aefb\" data-element_type=\"widget\" data-settings=\"{&quot;ekit_we_effect_on&quot;:&quot;none&quot;}\" data-widget_type=\"icon-list.default\">\n\t\t\t\t\t\t\t<ul class=\"elementor-icon-list-items\">\n\t\t\t\t\t\t\t<li class=\"elementor-icon-list-item\">\n\t\t\t\t\t\t\t\t\t\t\t<span class=\"elementor-icon-list-icon\">\n\t\t\t\t\t\t\t<svg xmlns=\"http:\/\/www.w3.org\/2000\/svg\" width=\"20\" height=\"20\" viewBox=\"0 0 20 20\" fill=\"none\"><path d=\"M13.2058 6.87685C13.4861 6.59655 13.9066 6.59655 14.1869 6.87685C14.4671 7.15714 14.4671 7.57758 14.1869 7.85787L9.28172 13.1134C9.00142 13.3937 8.58097 13.3937 8.30067 13.1834L5.84811 11.0812C5.56781 10.801 5.49776 10.3805 5.77805 10.1002C6.05834 9.81993 6.47878 9.74985 6.75907 10.0301L8.72112 11.7119L13.2058 6.87685Z\" fill=\"#5D78FF\"><\/path><path fill-rule=\"evenodd\" clip-rule=\"evenodd\" d=\"M0 10C0 4.47715 4.47715 0 10 0C15.5228 0 20 4.47715 20 10C20 15.5228 15.5228 20 10 20C4.47715 20 0 15.5228 0 10ZM10 1.66667C5.39763 1.66667 1.66667 5.39763 1.66667 10C1.66667 14.6024 5.39763 18.3333 10 18.3333C14.6024 18.3333 18.3333 14.6024 18.3333 10C18.3333 5.39763 14.6024 1.66667 10 1.66667Z\" fill=\"#5D78FF\"><\/path><\/svg>\t\t\t\t\t\t<\/span>\n\t\t\t\t\t\t\t\t\t\t<span class=\"elementor-icon-list-text\">Obserwowa\u0107 dzia\u0142ania influencer\u00f3w na 9 najpopularniejszych platformach spo\u0142eczno\u015bciowych, a tak\u017ce wielu innych, oznaczonych jako \u201cpozosta\u0142e\u201d.<\/span>\n\t\t\t\t\t\t\t\t\t<\/li>\n\t\t\t\t\t\t\t\t<li class=\"elementor-icon-list-item\">\n\t\t\t\t\t\t\t\t\t\t\t<span class=\"elementor-icon-list-icon\">\n\t\t\t\t\t\t\t<svg xmlns=\"http:\/\/www.w3.org\/2000\/svg\" width=\"20\" height=\"20\" viewBox=\"0 0 20 20\" fill=\"none\"><path d=\"M13.2058 6.87685C13.4861 6.59655 13.9066 6.59655 14.1869 6.87685C14.4671 7.15714 14.4671 7.57758 14.1869 7.85787L9.28172 13.1134C9.00142 13.3937 8.58097 13.3937 8.30067 13.1834L5.84811 11.0812C5.56781 10.801 5.49776 10.3805 5.77805 10.1002C6.05834 9.81993 6.47878 9.74985 6.75907 10.0301L8.72112 11.7119L13.2058 6.87685Z\" fill=\"#5D78FF\"><\/path><path fill-rule=\"evenodd\" clip-rule=\"evenodd\" d=\"M0 10C0 4.47715 4.47715 0 10 0C15.5228 0 20 4.47715 20 10C20 15.5228 15.5228 20 10 20C4.47715 20 0 15.5228 0 10ZM10 1.66667C5.39763 1.66667 1.66667 5.39763 1.66667 10C1.66667 14.6024 5.39763 18.3333 10 18.3333C14.6024 18.3333 18.3333 14.6024 18.3333 10C18.3333 5.39763 14.6024 1.66667 10 1.66667Z\" fill=\"#5D78FF\"><\/path><\/svg>\t\t\t\t\t\t<\/span>\n\t\t\t\t\t\t\t\t\t\t<span class=\"elementor-icon-list-text\">Doda\u0107 niestandardowe kolumny, reprezentuj\u0105ce metryk\u0119, zainteresowania czy inne dane dotycz\u0105ce influencer\u00f3w.<\/span>\n\t\t\t\t\t\t\t\t\t<\/li>\n\t\t\t\t\t\t\t\t<li class=\"elementor-icon-list-item\">\n\t\t\t\t\t\t\t\t\t\t\t<span class=\"elementor-icon-list-icon\">\n\t\t\t\t\t\t\t<svg xmlns=\"http:\/\/www.w3.org\/2000\/svg\" width=\"20\" height=\"20\" viewBox=\"0 0 20 20\" fill=\"none\"><path d=\"M13.2058 6.87685C13.4861 6.59655 13.9066 6.59655 14.1869 6.87685C14.4671 7.15714 14.4671 7.57758 14.1869 7.85787L9.28172 13.1134C9.00142 13.3937 8.58097 13.3937 8.30067 13.1834L5.84811 11.0812C5.56781 10.801 5.49776 10.3805 5.77805 10.1002C6.05834 9.81993 6.47878 9.74985 6.75907 10.0301L8.72112 11.7119L13.2058 6.87685Z\" fill=\"#5D78FF\"><\/path><path fill-rule=\"evenodd\" clip-rule=\"evenodd\" d=\"M0 10C0 4.47715 4.47715 0 10 0C15.5228 0 20 4.47715 20 10C20 15.5228 15.5228 20 10 20C4.47715 20 0 15.5228 0 10ZM10 1.66667C5.39763 1.66667 1.66667 5.39763 1.66667 10C1.66667 14.6024 5.39763 18.3333 10 18.3333C14.6024 18.3333 18.3333 14.6024 18.3333 10C18.3333 5.39763 14.6024 1.66667 10 1.66667Z\" fill=\"#5D78FF\"><\/path><\/svg>\t\t\t\t\t\t<\/span>\n\t\t\t\t\t\t\t\t\t\t<span class=\"elementor-icon-list-text\">Automatycznie przenie\u015b wszystkie dane z tabeli tw\u00f3rcy do gabloty tw\u00f3rcy.<\/span>\n\t\t\t\t\t\t\t\t\t<\/li>\n\t\t\t\t\t\t\t\t<li class=\"elementor-icon-list-item\">\n\t\t\t\t\t\t\t\t\t\t\t<span class=\"elementor-icon-list-icon\">\n\t\t\t\t\t\t\t<svg xmlns=\"http:\/\/www.w3.org\/2000\/svg\" width=\"20\" height=\"20\" viewBox=\"0 0 20 20\" fill=\"none\"><path d=\"M13.2058 6.87685C13.4861 6.59655 13.9066 6.59655 14.1869 6.87685C14.4671 7.15714 14.4671 7.57758 14.1869 7.85787L9.28172 13.1134C9.00142 13.3937 8.58097 13.3937 8.30067 13.1834L5.84811 11.0812C5.56781 10.801 5.49776 10.3805 5.77805 10.1002C6.05834 9.81993 6.47878 9.74985 6.75907 10.0301L8.72112 11.7119L13.2058 6.87685Z\" fill=\"#5D78FF\"><\/path><path fill-rule=\"evenodd\" clip-rule=\"evenodd\" d=\"M0 10C0 4.47715 4.47715 0 10 0C15.5228 0 20 4.47715 20 10C20 15.5228 15.5228 20 10 20C4.47715 20 0 15.5228 0 10ZM10 1.66667C5.39763 1.66667 1.66667 5.39763 1.66667 10C1.66667 14.6024 5.39763 18.3333 10 18.3333C14.6024 18.3333 18.3333 14.6024 18.3333 10C18.3333 5.39763 14.6024 1.66667 10 1.66667Z\" fill=\"#5D78FF\"><\/path><\/svg>\t\t\t\t\t\t<\/span>\n\t\t\t\t\t\t\t\t\t\t<span class=\"elementor-icon-list-text\">W\u0142\u0105czenie automatycznego wykrywania publikacji.<\/span>\n\t\t\t\t\t\t\t\t\t<\/li>\n\t\t\t\t\t\t\t\t<li class=\"elementor-icon-list-item\">\n\t\t\t\t\t\t\t\t\t\t\t<span class=\"elementor-icon-list-icon\">\n\t\t\t\t\t\t\t<svg xmlns=\"http:\/\/www.w3.org\/2000\/svg\" width=\"20\" height=\"20\" viewBox=\"0 0 20 20\" fill=\"none\"><path d=\"M13.2058 6.87685C13.4861 6.59655 13.9066 6.59655 14.1869 6.87685C14.4671 7.15714 14.4671 7.57758 14.1869 7.85787L9.28172 13.1134C9.00142 13.3937 8.58097 13.3937 8.30067 13.1834L5.84811 11.0812C5.56781 10.801 5.49776 10.3805 5.77805 10.1002C6.05834 9.81993 6.47878 9.74985 6.75907 10.0301L8.72112 11.7119L13.2058 6.87685Z\" fill=\"#5D78FF\"><\/path><path fill-rule=\"evenodd\" clip-rule=\"evenodd\" d=\"M0 10C0 4.47715 4.47715 0 10 0C15.5228 0 20 4.47715 20 10C20 15.5228 15.5228 20 10 20C4.47715 20 0 15.5228 0 10ZM10 1.66667C5.39763 1.66667 1.66667 5.39763 1.66667 10C1.66667 14.6024 5.39763 18.3333 10 18.3333C14.6024 18.3333 18.3333 14.6024 18.3333 10C18.3333 5.39763 14.6024 1.66667 10 1.66667Z\" fill=\"#5D78FF\"><\/path><\/svg>\t\t\t\t\t\t<\/span>\n\t\t\t\t\t\t\t\t\t\t<span class=\"elementor-icon-list-text\">R\u0119czne dodawanie niestandardowych kolumn do reprezentowania metryk danej publikacji.<\/span>\n\t\t\t\t\t\t\t\t\t<\/li>\n\t\t\t\t\t\t\t\t<li class=\"elementor-icon-list-item\">\n\t\t\t\t\t\t\t\t\t\t\t<span class=\"elementor-icon-list-icon\">\n\t\t\t\t\t\t\t<svg xmlns=\"http:\/\/www.w3.org\/2000\/svg\" width=\"20\" height=\"20\" viewBox=\"0 0 20 20\" fill=\"none\"><path d=\"M13.2058 6.87685C13.4861 6.59655 13.9066 6.59655 14.1869 6.87685C14.4671 7.15714 14.4671 7.57758 14.1869 7.85787L9.28172 13.1134C9.00142 13.3937 8.58097 13.3937 8.30067 13.1834L5.84811 11.0812C5.56781 10.801 5.49776 10.3805 5.77805 10.1002C6.05834 9.81993 6.47878 9.74985 6.75907 10.0301L8.72112 11.7119L13.2058 6.87685Z\" fill=\"#5D78FF\"><\/path><path fill-rule=\"evenodd\" clip-rule=\"evenodd\" d=\"M0 10C0 4.47715 4.47715 0 10 0C15.5228 0 20 4.47715 20 10C20 15.5228 15.5228 20 10 20C4.47715 20 0 15.5228 0 10ZM10 1.66667C5.39763 1.66667 1.66667 5.39763 1.66667 10C1.66667 14.6024 5.39763 18.3333 10 18.3333C14.6024 18.3333 18.3333 14.6024 18.3333 10C18.3333 5.39763 14.6024 1.66667 10 1.66667Z\" fill=\"#5D78FF\"><\/path><\/svg>\t\t\t\t\t\t<\/span>\n\t\t\t\t\t\t\t\t\t\t<span class=\"elementor-icon-list-text\">Przeniesienie interesuj\u0105cych Ci\u0119 danych do Kreatora wizyt\u00f3wek lub Generatora Raport\u00f3w.<\/span>\n\t\t\t\t\t\t\t\t\t<\/li>\n\t\t\t\t\t\t<\/ul>\n\t\t\t\t\t\t<\/div>\n\t\t\t\t<\/div>\n\t\t<div class=\"elementor-element elementor-element-f9b2e6f e-con-full e-flex e-con e-child\" data-id=\"f9b2e6f\" data-element_type=\"container\">\n\t\t\t\t<div class=\"elementor-element elementor-element-9115ad0 elementor-widget__width-inherit elementor-widget elementor-widget-image\" data-id=\"9115ad0\" data-element_type=\"widget\" data-settings=\"{&quot;ekit_we_effect_on&quot;:&quot;none&quot;}\" data-widget_type=\"image.default\">\n\t\t\t\t\t\t\t\t\t\t\t\t\t\t\t<img loading=\"lazy\" decoding=\"async\" width=\"800\" height=\"800\" src=\"https:\/\/indahash.com\/wp-content\/uploads\/2023\/08\/Integrations-Agnostic-Platform-2-1024x1024.png\" class=\"attachment-large size-large wp-image-6666\" alt=\"\" srcset=\"https:\/\/indahash.com\/wp-content\/uploads\/2023\/08\/Integrations-Agnostic-Platform-2-1024x1024.png 1024w, https:\/\/indahash.com\/wp-content\/uploads\/2023\/08\/Integrations-Agnostic-Platform-2-300x300.png 300w, https:\/\/indahash.com\/wp-content\/uploads\/2023\/08\/Integrations-Agnostic-Platform-2-150x150.png 150w, https:\/\/indahash.com\/wp-content\/uploads\/2023\/08\/Integrations-Agnostic-Platform-2-768x768.png 768w, https:\/\/indahash.com\/wp-content\/uploads\/2023\/08\/Integrations-Agnostic-Platform-2-1536x1536.png 1536w, https:\/\/indahash.com\/wp-content\/uploads\/2023\/08\/Integrations-Agnostic-Platform-2-2048x2048.png 2048w\" sizes=\"(max-width: 800px) 100vw, 800px\" \/>\t\t\t\t\t\t\t\t\t\t\t\t\t\t\t<\/div>\n\t\t\t\t<\/div>\n\t\t\t\t\t<\/div>\n\t\t\t\t<\/div>\n\t\t<div class=\"elementor-element elementor-element-658d6b3e e-flex e-con-boxed e-con e-parent\" data-id=\"658d6b3e\" data-element_type=\"container\" data-settings=\"{&quot;background_background&quot;:&quot;classic&quot;}\">\n\t\t\t\t\t<div class=\"e-con-inner\">\n\t\t<div class=\"elementor-element elementor-element-18e5fea4 e-con-full e-flex e-con e-child\" data-id=\"18e5fea4\" data-element_type=\"container\" data-settings=\"{&quot;background_background&quot;:&quot;classic&quot;}\">\n\t\t\t\t<div class=\"elementor-element elementor-element-113c5e8a elementor-widget elementor-widget-heading\" data-id=\"113c5e8a\" data-element_type=\"widget\" data-settings=\"{&quot;ekit_we_effect_on&quot;:&quot;none&quot;}\" data-widget_type=\"heading.default\">\n\t\t\t\t\t<h3 class=\"elementor-heading-title elementor-size-default\">Um\u00f3w si\u0119 na konsultacj\u0119 z ekspertem \u2013 za 0 z\u0142!<\/h3>\t\t\t\t<\/div>\n\t\t\t\t<div class=\"elementor-element elementor-element-4f0f0795 elementor-widget elementor-widget-text-editor\" data-id=\"4f0f0795\" data-element_type=\"widget\" data-settings=\"{&quot;ekit_we_effect_on&quot;:&quot;none&quot;}\" data-widget_type=\"text-editor.default\">\n\t\t\t\t\t\t\t\t\t<p>Podczas rozmowy nazwiemy potrzeby i znajdziemy rozwi\u0105zania, by dzi\u0119ki wsp\u00f3\u0142pracy z influencerami podkre\u015bli\u0107 charakter Twojej marki. Nie zwlekaj \u2013 dzia\u0142aj!<\/p>\n\t\t\t\t\t\t\t\t<\/div>\n\t\t\t\t<div class=\"elementor-element elementor-element-5651 elementor-mobile-align-justify elementor-widget-mobile__width-inherit elementor-widget elementor-widget-global elementor-global-13296 elementor-global-5651 elementor-widget-button\" data-id=\"5651\" data-element_type=\"widget\" data-settings=\"{&quot;ekit_we_effect_on&quot;:&quot;none&quot;}\" data-widget_type=\"button.default\">\n\t\t\t\t\t\t\t\t\t\t<a class=\"elementor-button elementor-button-link elementor-size-sm\" href=\"https:\/\/indahash.com\/workspace\/lite\">\n\t\t\t\t\t\t<span class=\"elementor-button-content-wrapper\">\n\t\t\t\t\t\t\t\t\t<span class=\"elementor-button-text\">Um\u00f3w si\u0119 na demo<\/span>\n\t\t\t\t\t<\/span>\n\t\t\t\t\t<\/a>\n\t\t\t\t\t\t\t\t<\/div>\n\t\t\t\t<\/div>\n\t\t\t\t<div class=\"elementor-element elementor-element-443464b7 elementor-widget__width-inherit elementor-widget elementor-widget-image\" data-id=\"443464b7\" data-element_type=\"widget\" data-settings=\"{&quot;ekit_we_effect_on&quot;:&quot;none&quot;}\" data-widget_type=\"image.default\">\n\t\t\t\t\t\t\t\t\t\t\t\t\t\t\t<img decoding=\"async\" src=\"https:\/\/indahash.com\/wp-content\/uploads\/2023\/07\/Illustration.svg\" class=\"attachment-full size-full wp-image-4463\" alt=\"\" \/>\t\t\t\t\t\t\t\t\t\t\t\t\t\t\t<\/div>\n\t\t\t\t\t<\/div>\n\t\t\t\t<\/div>\n\t\t\t\t<\/div>\n\t\t","protected":false},"excerpt":{"rendered":"<p>Tw\u00f3rz pot\u0119\u017cne kampanie influencer marketingu z indaHash. Platforma indaHash umo\u017cliwia korzystanie z 7 platform medi\u00f3w spo\u0142eczno\u015bciowych i analiz w czasie rzeczywistym. <\/p>\n","protected":false},"author":2,"featured_media":0,"parent":0,"menu_order":0,"comment_status":"closed","ping_status":"closed","template":"","meta":{"footnotes":""},"class_list":["post-15675","page","type-page","status-publish","hentry"],"aioseo_notices":[],"_links":{"self":[{"href":"https:\/\/indahash.com\/pl\/wp-json\/wp\/v2\/pages\/15675","targetHints":{"allow":["GET"]}}],"collection":[{"href":"https:\/\/indahash.com\/pl\/wp-json\/wp\/v2\/pages"}],"about":[{"href":"https:\/\/indahash.com\/pl\/wp-json\/wp\/v2\/types\/page"}],"author":[{"embeddable":true,"href":"https:\/\/indahash.com\/pl\/wp-json\/wp\/v2\/users\/2"}],"replies":[{"embeddable":true,"href":"https:\/\/indahash.com\/pl\/wp-json\/wp\/v2\/comments?post=15675"}],"version-history":[{"count":3,"href":"https:\/\/indahash.com\/pl\/wp-json\/wp\/v2\/pages\/15675\/revisions"}],"predecessor-version":[{"id":15678,"href":"https:\/\/indahash.com\/pl\/wp-json\/wp\/v2\/pages\/15675\/revisions\/15678"}],"wp:attachment":[{"href":"https:\/\/indahash.com\/pl\/wp-json\/wp\/v2\/media?parent=15675"}],"curies":[{"name":"wp","href":"https:\/\/api.w.org\/{rel}","templated":true}]}}