{"id":15682,"date":"2023-07-14T13:07:27","date_gmt":"2023-07-14T11:07:27","guid":{"rendered":"https:\/\/indahash.com\/statystyki-publikacji\/"},"modified":"2024-05-14T21:34:59","modified_gmt":"2024-05-14T19:34:59","slug":"statystyki-publikacji","status":"publish","type":"page","link":"https:\/\/indahash.com\/pl\/statystyki-publikacji\/","title":{"rendered":"Statystyki publikacji"},"content":{"rendered":"\t\t<div data-elementor-type=\"wp-page\" data-elementor-id=\"15682\" class=\"elementor elementor-15682 elementor-2862\" data-elementor-post-type=\"page\">\n\t\t\t\t<div class=\"elementor-element elementor-element-150b7dfd animated-fast e-flex e-con-boxed elementor-invisible e-con e-parent\" data-id=\"150b7dfd\" data-element_type=\"container\" data-settings=\"{&quot;animation&quot;:&quot;slideInUp&quot;}\">\n\t\t\t\t\t<div class=\"e-con-inner\">\n\t\t<div class=\"elementor-element elementor-element-295b5154 e-con-full e-flex e-con e-child\" data-id=\"295b5154\" data-element_type=\"container\">\n\t\t<div class=\"elementor-element elementor-element-2baf399 e-flex e-con-boxed e-con e-child\" data-id=\"2baf399\" data-element_type=\"container\">\n\t\t\t\t\t<div class=\"e-con-inner\">\n\t\t\t\t<div class=\"elementor-element elementor-element-108c8bf elementor-widget elementor-widget-image\" data-id=\"108c8bf\" data-element_type=\"widget\" data-settings=\"{&quot;ekit_we_effect_on&quot;:&quot;none&quot;}\" data-widget_type=\"image.default\">\n\t\t\t\t\t\t\t\t\t\t\t\t\t\t\t<img fetchpriority=\"high\" decoding=\"async\" width=\"320\" height=\"320\" src=\"https:\/\/indahash.com\/wp-content\/uploads\/2023\/07\/\ud83e\udd16-Robot-face-1.png\" class=\"attachment-full size-full wp-image-4503\" alt=\"\" srcset=\"https:\/\/indahash.com\/wp-content\/uploads\/2023\/07\/\ud83e\udd16-Robot-face-1.png 320w, https:\/\/indahash.com\/wp-content\/uploads\/2023\/07\/\ud83e\udd16-Robot-face-1-300x300.png 300w, https:\/\/indahash.com\/wp-content\/uploads\/2023\/07\/\ud83e\udd16-Robot-face-1-150x150.png 150w, https:\/\/indahash.com\/wp-content\/uploads\/2023\/07\/elementor\/thumbs\/\ud83e\udd16-Robot-face-1-q990grtx0h3mhi4j6y7ipgcrxtc7n8k72zx2c1hqp4.png 36w\" sizes=\"(max-width: 320px) 100vw, 320px\" \/>\t\t\t\t\t\t\t\t\t\t\t\t\t\t\t<\/div>\n\t\t\t\t<div class=\"elementor-element elementor-element-964b971 elementor-widget elementor-widget-heading\" data-id=\"964b971\" data-element_type=\"widget\" data-settings=\"{&quot;ekit_we_effect_on&quot;:&quot;none&quot;}\" data-widget_type=\"heading.default\">\n\t\t\t\t\t<div class=\"elementor-heading-title elementor-size-default\">Automatyzuj procesy<\/div>\t\t\t\t<\/div>\n\t\t\t\t\t<\/div>\n\t\t\t\t<\/div>\n\t\t\t\t<div class=\"elementor-element elementor-element-18e6dba8 elementor-widget elementor-widget-heading\" data-id=\"18e6dba8\" data-element_type=\"widget\" data-settings=\"{&quot;ekit_we_effect_on&quot;:&quot;none&quot;}\" data-widget_type=\"heading.default\">\n\t\t\t\t\t<h2 class=\"elementor-heading-title elementor-size-default\">Statystyki publikacji<\/h2>\t\t\t\t<\/div>\n\t\t\t\t<div class=\"elementor-element elementor-element-5651 elementor-mobile-align-justify elementor-widget-mobile__width-inherit elementor-widget elementor-widget-global elementor-global-13296 elementor-global-5651 elementor-widget-button\" data-id=\"5651\" data-element_type=\"widget\" data-settings=\"{&quot;ekit_we_effect_on&quot;:&quot;none&quot;}\" data-widget_type=\"button.default\">\n\t\t\t\t\t\t\t\t\t\t<a class=\"elementor-button elementor-button-link elementor-size-sm\" href=\"https:\/\/indahash.com\/workspace\/lite\">\n\t\t\t\t\t\t<span class=\"elementor-button-content-wrapper\">\n\t\t\t\t\t\t\t\t\t<span class=\"elementor-button-text\">Um\u00f3w si\u0119 na demo<\/span>\n\t\t\t\t\t<\/span>\n\t\t\t\t\t<\/a>\n\t\t\t\t\t\t\t\t<\/div>\n\t\t\t\t<\/div>\n\t\t<div class=\"elementor-element elementor-element-6b16706 e-con-full e-flex e-con e-child\" data-id=\"6b16706\" data-element_type=\"container\">\n\t\t\t\t<div class=\"elementor-element elementor-element-3277435 elementor-widget elementor-widget-video\" data-id=\"3277435\" data-element_type=\"widget\" data-settings=\"{&quot;video_type&quot;:&quot;hosted&quot;,&quot;autoplay&quot;:&quot;yes&quot;,&quot;play_on_mobile&quot;:&quot;yes&quot;,&quot;mute&quot;:&quot;yes&quot;,&quot;loop&quot;:&quot;yes&quot;,&quot;ekit_we_effect_on&quot;:&quot;none&quot;}\" data-widget_type=\"video.default\">\n\t\t\t\t\t\t\t<div class=\"e-hosted-video elementor-wrapper elementor-open-inline\">\n\t\t\t\t\t<video class=\"elementor-video\" src=\"https:\/\/indahash.com\/wp-content\/uploads\/2023\/08\/Nagranie-z-ekranu-2023-08-24-o-11.20.25.mp4\" autoplay=\"\" loop=\"\" muted=\"muted\" playsinline=\"\" controlsList=\"nodownload\"><\/video>\n\t\t\t\t<\/div>\n\t\t\t\t\t\t<\/div>\n\t\t\t\t<\/div>\n\t\t\t\t\t<\/div>\n\t\t\t\t<\/div>\n\t\t<div class=\"elementor-element elementor-element-5dc3862 animated-fast e-flex e-con-boxed elementor-invisible e-con e-parent\" data-id=\"5dc3862\" data-element_type=\"container\" data-settings=\"{&quot;animation&quot;:&quot;slideInUp&quot;}\">\n\t\t\t\t\t<div class=\"e-con-inner\">\n\t\t<div class=\"elementor-element elementor-element-79ecd0e e-con-full e-flex e-con e-child\" data-id=\"79ecd0e\" data-element_type=\"container\">\n\t\t\t\t<div class=\"elementor-element elementor-element-7ede6a6 elementor-widget__width-inherit elementor-widget elementor-widget-image\" data-id=\"7ede6a6\" data-element_type=\"widget\" data-settings=\"{&quot;ekit_we_effect_on&quot;:&quot;none&quot;}\" data-widget_type=\"image.default\">\n\t\t\t\t\t\t\t\t\t\t\t\t\t\t\t<img decoding=\"async\" width=\"800\" height=\"719\" src=\"https:\/\/indahash.com\/wp-content\/uploads\/2023\/08\/Frame-33972-5-1024x920.png\" class=\"attachment-large size-large wp-image-6872\" alt=\"\" srcset=\"https:\/\/indahash.com\/wp-content\/uploads\/2023\/08\/Frame-33972-5-1024x920.png 1024w, https:\/\/indahash.com\/wp-content\/uploads\/2023\/08\/Frame-33972-5-300x270.png 300w, https:\/\/indahash.com\/wp-content\/uploads\/2023\/08\/Frame-33972-5-768x690.png 768w, https:\/\/indahash.com\/wp-content\/uploads\/2023\/08\/Frame-33972-5-1536x1381.png 1536w, https:\/\/indahash.com\/wp-content\/uploads\/2023\/08\/Frame-33972-5-2048x1841.png 2048w\" sizes=\"(max-width: 800px) 100vw, 800px\" \/>\t\t\t\t\t\t\t\t\t\t\t\t\t\t\t<\/div>\n\t\t\t\t<\/div>\n\t\t<div class=\"elementor-element elementor-element-3a1bb40 e-con-full e-flex e-con e-child\" data-id=\"3a1bb40\" data-element_type=\"container\">\n\t\t\t\t<div class=\"elementor-element elementor-element-2290632 elementor-headline--style-highlight elementor-widget elementor-widget-animated-headline\" data-id=\"2290632\" data-element_type=\"widget\" data-settings=\"{&quot;highlighted_text&quot;:&quot;regu\\u0142y gry&quot;,&quot;highlight_animation_duration&quot;:1500,&quot;marker&quot;:&quot;underline_zigzag&quot;,&quot;headline_style&quot;:&quot;highlight&quot;,&quot;ekit_we_effect_on&quot;:&quot;none&quot;}\" data-widget_type=\"animated-headline.default\">\n\t\t\t\t\t\t\t<h3 class=\"elementor-headline\">\n\t\t\t\t\t<span class=\"elementor-headline-plain-text elementor-headline-text-wrapper\">Zmie\u0144 <\/span>\n\t\t\t\t<span class=\"elementor-headline-dynamic-wrapper elementor-headline-text-wrapper\">\n\t\t\t\t\t<span class=\"elementor-headline-dynamic-text elementor-headline-text-active\">regu\u0142y gry<\/span>\n\t\t\t\t<\/span>\n\t\t\t\t\t<span class=\"elementor-headline-plain-text elementor-headline-text-wrapper\"> z indaHash!<\/span>\n\t\t\t\t\t<\/h3>\n\t\t\t\t\t\t<\/div>\n\t\t\t\t<div class=\"elementor-element elementor-element-b4c43e8 elementor-widget__width-inherit elementor-widget elementor-widget-text-editor\" data-id=\"b4c43e8\" data-element_type=\"widget\" data-settings=\"{&quot;ekit_we_effect_on&quot;:&quot;none&quot;}\" data-widget_type=\"text-editor.default\">\n\t\t\t\t\t\t\t\t\t<p>Synchronizuj statystyki publikacji wybranych platform spo\u0142eczno\u015bciowych za pomoc\u0105 jednego klikni\u0119cia. Ustaw interwa\u0142 od\u015bwie\u017cania i zajmij si\u0119 tym, co wa\u017cne. My zajmiemy si\u0119 reszt\u0105. W razie jakichkolwiek pyta\u0144, sugestii czy opinii \u2013 jeste\u015bmy tu dla Ciebie! Pisz, dzwo\u0144 lub zostaw komentarz. Po prostu. A teraz zrelaksuj si\u0119 i pozw\u00f3l usprawni\u0107 nam Tw\u00f3j dzie\u0144 pracy!    <\/p>\n\t\t\t\t\t\t\t\t<\/div>\n\t\t\t\t<\/div>\n\t\t\t\t\t<\/div>\n\t\t\t\t<\/div>\n\t\t<div class=\"elementor-element elementor-element-ac6d3ab e-flex e-con-boxed e-con e-parent\" data-id=\"ac6d3ab\" data-element_type=\"container\">\n\t\t\t\t\t<div class=\"e-con-inner\">\n\t\t\t\t<div class=\"elementor-element elementor-element-aafb0c3 elementor-headline--style-highlight elementor-widget elementor-widget-animated-headline\" data-id=\"aafb0c3\" data-element_type=\"widget\" data-settings=\"{&quot;highlighted_text&quot;:&quot;Jak&quot;,&quot;highlight_animation_duration&quot;:1500,&quot;marker&quot;:&quot;underline&quot;,&quot;headline_style&quot;:&quot;highlight&quot;,&quot;ekit_we_effect_on&quot;:&quot;none&quot;}\" data-widget_type=\"animated-headline.default\">\n\t\t\t\t\t\t\t<h3 class=\"elementor-headline\">\n\t\t\t\t<span class=\"elementor-headline-dynamic-wrapper elementor-headline-text-wrapper\">\n\t\t\t\t\t<span class=\"elementor-headline-dynamic-text elementor-headline-text-active\">Jak<\/span>\n\t\t\t\t<\/span>\n\t\t\t\t\t<span class=\"elementor-headline-plain-text elementor-headline-text-wrapper\"> to dzia\u0142a?<\/span>\n\t\t\t\t\t<\/h3>\n\t\t\t\t\t\t<\/div>\n\t\t\t\t\t<\/div>\n\t\t\t\t<\/div>\n\t\t<div class=\"elementor-element elementor-element-59db700 animated-fast e-flex e-con-boxed elementor-invisible e-con e-parent\" data-id=\"59db700\" data-element_type=\"container\" data-settings=\"{&quot;animation&quot;:&quot;slideInUp&quot;}\">\n\t\t\t\t\t<div class=\"e-con-inner\">\n\t\t\t\t<div class=\"elementor-element elementor-element-4e4127f elementor-widget__width-inherit elementor-widget elementor-widget-image\" data-id=\"4e4127f\" data-element_type=\"widget\" data-settings=\"{&quot;ekit_we_effect_on&quot;:&quot;none&quot;}\" data-widget_type=\"image.default\">\n\t\t\t\t\t\t\t\t\t\t\t\t\t\t\t<img decoding=\"async\" width=\"800\" height=\"800\" src=\"https:\/\/indahash.com\/wp-content\/uploads\/2023\/08\/Auto-Synching-Publications1-1024x1024.png\" class=\"attachment-large size-large wp-image-6855\" alt=\"\" srcset=\"https:\/\/indahash.com\/wp-content\/uploads\/2023\/08\/Auto-Synching-Publications1-1024x1024.png 1024w, https:\/\/indahash.com\/wp-content\/uploads\/2023\/08\/Auto-Synching-Publications1-300x300.png 300w, https:\/\/indahash.com\/wp-content\/uploads\/2023\/08\/Auto-Synching-Publications1-150x150.png 150w, https:\/\/indahash.com\/wp-content\/uploads\/2023\/08\/Auto-Synching-Publications1-768x768.png 768w, https:\/\/indahash.com\/wp-content\/uploads\/2023\/08\/Auto-Synching-Publications1-1536x1536.png 1536w, https:\/\/indahash.com\/wp-content\/uploads\/2023\/08\/Auto-Synching-Publications1-2048x2048.png 2048w\" sizes=\"(max-width: 800px) 100vw, 800px\" \/>\t\t\t\t\t\t\t\t\t\t\t\t\t\t\t<\/div>\n\t\t<div class=\"elementor-element elementor-element-8cc4483 e-con-full e-flex e-con e-child\" data-id=\"8cc4483\" data-element_type=\"container\">\n\t\t\t\t<div class=\"elementor-element elementor-element-3e19e6d elementor-mobile-align-left elementor-widget-mobile__width-auto elementor-widget elementor-widget-button\" data-id=\"3e19e6d\" data-element_type=\"widget\" data-settings=\"{&quot;ekit_we_effect_on&quot;:&quot;none&quot;}\" data-widget_type=\"button.default\">\n\t\t\t\t\t\t\t\t\t\t<a class=\"elementor-button elementor-size-sm\" role=\"button\">\n\t\t\t\t\t\t<span class=\"elementor-button-content-wrapper\">\n\t\t\t\t\t\t\t\t\t<span class=\"elementor-button-text\">Krok 1<\/span>\n\t\t\t\t\t<\/span>\n\t\t\t\t\t<\/a>\n\t\t\t\t\t\t\t\t<\/div>\n\t\t\t\t<div class=\"elementor-element elementor-element-0d90327 elementor-widget elementor-widget-heading\" data-id=\"0d90327\" data-element_type=\"widget\" data-settings=\"{&quot;ekit_we_effect_on&quot;:&quot;none&quot;}\" data-widget_type=\"heading.default\">\n\t\t\t\t\t<h5 class=\"elementor-heading-title elementor-size-default\">Przejd\u017a do wybranej kampanii.<\/h5>\t\t\t\t<\/div>\n\t\t\t\t<\/div>\n\t\t\t\t\t<\/div>\n\t\t\t\t<\/div>\n\t\t<div class=\"elementor-element elementor-element-c547a76 animated-fast e-flex e-con-boxed elementor-invisible e-con e-parent\" data-id=\"c547a76\" data-element_type=\"container\" data-settings=\"{&quot;animation&quot;:&quot;slideInUp&quot;}\">\n\t\t\t\t\t<div class=\"e-con-inner\">\n\t\t<div class=\"elementor-element elementor-element-abd15da e-con-full e-flex e-con e-child\" data-id=\"abd15da\" data-element_type=\"container\">\n\t\t\t\t<div class=\"elementor-element elementor-element-4ec7f55 elementor-mobile-align-left elementor-widget-mobile__width-auto elementor-widget elementor-widget-button\" data-id=\"4ec7f55\" data-element_type=\"widget\" data-settings=\"{&quot;ekit_we_effect_on&quot;:&quot;none&quot;}\" data-widget_type=\"button.default\">\n\t\t\t\t\t\t\t\t\t\t<a class=\"elementor-button elementor-size-sm\" role=\"button\">\n\t\t\t\t\t\t<span class=\"elementor-button-content-wrapper\">\n\t\t\t\t\t\t\t\t\t<span class=\"elementor-button-text\">Krok 2<\/span>\n\t\t\t\t\t<\/span>\n\t\t\t\t\t<\/a>\n\t\t\t\t\t\t\t\t<\/div>\n\t\t\t\t<div class=\"elementor-element elementor-element-d9bbb16 elementor-widget elementor-widget-heading\" data-id=\"d9bbb16\" data-element_type=\"widget\" data-settings=\"{&quot;ekit_we_effect_on&quot;:&quot;none&quot;}\" data-widget_type=\"heading.default\">\n\t\t\t\t\t<h5 class=\"elementor-heading-title elementor-size-default\">Kliknij w ikon\u0119 menu (:) obok nazwy.<\/h5>\t\t\t\t<\/div>\n\t\t\t\t<\/div>\n\t\t\t\t<div class=\"elementor-element elementor-element-e2356c1 elementor-widget__width-inherit elementor-widget elementor-widget-image\" data-id=\"e2356c1\" data-element_type=\"widget\" data-settings=\"{&quot;ekit_we_effect_on&quot;:&quot;none&quot;}\" data-widget_type=\"image.default\">\n\t\t\t\t\t\t\t\t\t\t\t\t\t\t\t<img loading=\"lazy\" decoding=\"async\" width=\"800\" height=\"800\" src=\"https:\/\/indahash.com\/wp-content\/uploads\/2023\/08\/Auto-Synching-Publications2-1024x1024.png\" class=\"attachment-large size-large wp-image-6858\" alt=\"\" srcset=\"https:\/\/indahash.com\/wp-content\/uploads\/2023\/08\/Auto-Synching-Publications2-1024x1024.png 1024w, https:\/\/indahash.com\/wp-content\/uploads\/2023\/08\/Auto-Synching-Publications2-300x300.png 300w, https:\/\/indahash.com\/wp-content\/uploads\/2023\/08\/Auto-Synching-Publications2-150x150.png 150w, https:\/\/indahash.com\/wp-content\/uploads\/2023\/08\/Auto-Synching-Publications2-768x768.png 768w, https:\/\/indahash.com\/wp-content\/uploads\/2023\/08\/Auto-Synching-Publications2-1536x1536.png 1536w, https:\/\/indahash.com\/wp-content\/uploads\/2023\/08\/Auto-Synching-Publications2-2048x2048.png 2048w\" sizes=\"(max-width: 800px) 100vw, 800px\" \/>\t\t\t\t\t\t\t\t\t\t\t\t\t\t\t<\/div>\n\t\t\t\t\t<\/div>\n\t\t\t\t<\/div>\n\t\t<div class=\"elementor-element elementor-element-1fc8f49 animated-fast e-flex e-con-boxed elementor-invisible e-con e-parent\" data-id=\"1fc8f49\" data-element_type=\"container\" data-settings=\"{&quot;animation&quot;:&quot;slideInUp&quot;}\">\n\t\t\t\t\t<div class=\"e-con-inner\">\n\t\t\t\t<div class=\"elementor-element elementor-element-1fdc168 elementor-widget__width-inherit elementor-widget elementor-widget-image\" data-id=\"1fdc168\" data-element_type=\"widget\" data-settings=\"{&quot;ekit_we_effect_on&quot;:&quot;none&quot;}\" data-widget_type=\"image.default\">\n\t\t\t\t\t\t\t\t\t\t\t\t\t\t\t<img loading=\"lazy\" decoding=\"async\" width=\"800\" height=\"800\" src=\"https:\/\/indahash.com\/wp-content\/uploads\/2023\/08\/Auto-Synching-Publications3-1024x1024.png\" class=\"attachment-large size-large wp-image-6860\" alt=\"\" srcset=\"https:\/\/indahash.com\/wp-content\/uploads\/2023\/08\/Auto-Synching-Publications3-1024x1024.png 1024w, https:\/\/indahash.com\/wp-content\/uploads\/2023\/08\/Auto-Synching-Publications3-300x300.png 300w, https:\/\/indahash.com\/wp-content\/uploads\/2023\/08\/Auto-Synching-Publications3-150x150.png 150w, https:\/\/indahash.com\/wp-content\/uploads\/2023\/08\/Auto-Synching-Publications3-768x768.png 768w, https:\/\/indahash.com\/wp-content\/uploads\/2023\/08\/Auto-Synching-Publications3-1536x1536.png 1536w, https:\/\/indahash.com\/wp-content\/uploads\/2023\/08\/Auto-Synching-Publications3-2048x2048.png 2048w\" sizes=\"(max-width: 800px) 100vw, 800px\" \/>\t\t\t\t\t\t\t\t\t\t\t\t\t\t\t<\/div>\n\t\t<div class=\"elementor-element elementor-element-4b08352 e-con-full e-flex e-con e-child\" data-id=\"4b08352\" data-element_type=\"container\">\n\t\t\t\t<div class=\"elementor-element elementor-element-b0a1e8c elementor-mobile-align-left elementor-widget-mobile__width-auto elementor-widget elementor-widget-button\" data-id=\"b0a1e8c\" data-element_type=\"widget\" data-settings=\"{&quot;ekit_we_effect_on&quot;:&quot;none&quot;}\" data-widget_type=\"button.default\">\n\t\t\t\t\t\t\t\t\t\t<a class=\"elementor-button elementor-size-sm\" role=\"button\">\n\t\t\t\t\t\t<span class=\"elementor-button-content-wrapper\">\n\t\t\t\t\t\t\t\t\t<span class=\"elementor-button-text\">Krok 3<\/span>\n\t\t\t\t\t<\/span>\n\t\t\t\t\t<\/a>\n\t\t\t\t\t\t\t\t<\/div>\n\t\t\t\t<div class=\"elementor-element elementor-element-4da0e7b elementor-widget elementor-widget-heading\" data-id=\"4da0e7b\" data-element_type=\"widget\" data-settings=\"{&quot;ekit_we_effect_on&quot;:&quot;none&quot;}\" data-widget_type=\"heading.default\">\n\t\t\t\t\t<h5 class=\"elementor-heading-title elementor-size-default\">Okre\u015bl, jak cz\u0119sto chcesz mie\u0107 wgl\u0105d do statystyk.<\/h5>\t\t\t\t<\/div>\n\t\t\t\t<div class=\"elementor-element elementor-element-f6366b4 elementor-widget__width-inherit elementor-widget elementor-widget-text-editor\" data-id=\"f6366b4\" data-element_type=\"widget\" data-settings=\"{&quot;ekit_we_effect_on&quot;:&quot;none&quot;}\" data-widget_type=\"text-editor.default\">\n\t\t\t\t\t\t\t\t\t<p>\u2026i ju\u017c! Otrzymasz dane nt. publikacji raz na 2 godziny przez kolejne 7 dni. <\/p>\n\t\t\t\t\t\t\t\t<\/div>\n\t\t\t\t<\/div>\n\t\t\t\t\t<\/div>\n\t\t\t\t<\/div>\n\t\t<div class=\"elementor-element elementor-element-658d6b3e e-flex e-con-boxed e-con e-parent\" data-id=\"658d6b3e\" data-element_type=\"container\" data-settings=\"{&quot;background_background&quot;:&quot;classic&quot;}\">\n\t\t\t\t\t<div class=\"e-con-inner\">\n\t\t<div class=\"elementor-element elementor-element-18e5fea4 e-con-full e-flex e-con e-child\" data-id=\"18e5fea4\" data-element_type=\"container\" data-settings=\"{&quot;background_background&quot;:&quot;classic&quot;}\">\n\t\t\t\t<div class=\"elementor-element elementor-element-113c5e8a elementor-widget elementor-widget-heading\" data-id=\"113c5e8a\" data-element_type=\"widget\" data-settings=\"{&quot;ekit_we_effect_on&quot;:&quot;none&quot;}\" data-widget_type=\"heading.default\">\n\t\t\t\t\t<h3 class=\"elementor-heading-title elementor-size-default\">Um\u00f3w si\u0119 na konsultacj\u0119 z ekspertem \u2013 za 0 z\u0142!<\/h3>\t\t\t\t<\/div>\n\t\t\t\t<div class=\"elementor-element elementor-element-4f0f0795 elementor-widget elementor-widget-text-editor\" data-id=\"4f0f0795\" data-element_type=\"widget\" data-settings=\"{&quot;ekit_we_effect_on&quot;:&quot;none&quot;}\" data-widget_type=\"text-editor.default\">\n\t\t\t\t\t\t\t\t\t<p>Podczas rozmowy nazwiemy potrzeby i znajdziemy rozwi\u0105zania, by dzi\u0119ki wsp\u00f3\u0142pracy z influencerami podkre\u015bli\u0107 charakter Twojej marki. Nie zwlekaj \u2013 dzia\u0142aj!<\/p>\n\t\t\t\t\t\t\t\t<\/div>\n\t\t\t\t<div class=\"elementor-element elementor-element-5651 elementor-mobile-align-justify elementor-widget-mobile__width-inherit elementor-widget elementor-widget-global elementor-global-13296 elementor-global-5651 elementor-widget-button\" data-id=\"5651\" data-element_type=\"widget\" data-settings=\"{&quot;ekit_we_effect_on&quot;:&quot;none&quot;}\" data-widget_type=\"button.default\">\n\t\t\t\t\t\t\t\t\t\t<a class=\"elementor-button elementor-button-link elementor-size-sm\" href=\"https:\/\/indahash.com\/workspace\/lite\">\n\t\t\t\t\t\t<span class=\"elementor-button-content-wrapper\">\n\t\t\t\t\t\t\t\t\t<span class=\"elementor-button-text\">Um\u00f3w si\u0119 na demo<\/span>\n\t\t\t\t\t<\/span>\n\t\t\t\t\t<\/a>\n\t\t\t\t\t\t\t\t<\/div>\n\t\t\t\t<\/div>\n\t\t\t\t<div class=\"elementor-element elementor-element-443464b7 elementor-widget__width-inherit elementor-widget elementor-widget-image\" data-id=\"443464b7\" data-element_type=\"widget\" data-settings=\"{&quot;ekit_we_effect_on&quot;:&quot;none&quot;}\" data-widget_type=\"image.default\">\n\t\t\t\t\t\t\t\t\t\t\t\t\t\t\t<img decoding=\"async\" src=\"https:\/\/indahash.com\/wp-content\/uploads\/2023\/07\/Illustration.svg\" class=\"attachment-full size-full wp-image-4463\" alt=\"\" \/>\t\t\t\t\t\t\t\t\t\t\t\t\t\t\t<\/div>\n\t\t\t\t\t<\/div>\n\t\t\t\t<\/div>\n\t\t\t\t<\/div>\n\t\t","protected":false},"excerpt":{"rendered":"<p>Analizuj wyniki swoich publikacji w mediach spo\u0142eczno\u015bciowych. Natychmiastowa synchronizacja wszystkich statystyk. Uzyskaj wgl\u0105d, aby zoptymalizowa\u0107 swoje kampanie.<\/p>\n","protected":false},"author":2,"featured_media":0,"parent":0,"menu_order":0,"comment_status":"closed","ping_status":"closed","template":"","meta":{"footnotes":""},"class_list":["post-15682","page","type-page","status-publish","hentry"],"aioseo_notices":[],"_links":{"self":[{"href":"https:\/\/indahash.com\/pl\/wp-json\/wp\/v2\/pages\/15682","targetHints":{"allow":["GET"]}}],"collection":[{"href":"https:\/\/indahash.com\/pl\/wp-json\/wp\/v2\/pages"}],"about":[{"href":"https:\/\/indahash.com\/pl\/wp-json\/wp\/v2\/types\/page"}],"author":[{"embeddable":true,"href":"https:\/\/indahash.com\/pl\/wp-json\/wp\/v2\/users\/2"}],"replies":[{"embeddable":true,"href":"https:\/\/indahash.com\/pl\/wp-json\/wp\/v2\/comments?post=15682"}],"version-history":[{"count":7,"href":"https:\/\/indahash.com\/pl\/wp-json\/wp\/v2\/pages\/15682\/revisions"}],"predecessor-version":[{"id":15690,"href":"https:\/\/indahash.com\/pl\/wp-json\/wp\/v2\/pages\/15682\/revisions\/15690"}],"wp:attachment":[{"href":"https:\/\/indahash.com\/pl\/wp-json\/wp\/v2\/media?parent=15682"}],"curies":[{"name":"wp","href":"https:\/\/api.w.org\/{rel}","templated":true}]}}