{"id":15849,"date":"2023-07-14T13:06:30","date_gmt":"2023-07-14T11:06:30","guid":{"rendered":"https:\/\/indahash.com\/automatyczne-wykrywanie-tworcow\/"},"modified":"2024-05-22T22:50:43","modified_gmt":"2024-05-22T20:50:43","slug":"automatyczne-wykrywanie-tworcow","status":"publish","type":"page","link":"https:\/\/indahash.com\/pl\/automatyczne-wykrywanie-tworcow\/","title":{"rendered":"Automatyczne wykrywanie tw\u00f3rc\u00f3w"},"content":{"rendered":"\t\t<div data-elementor-type=\"wp-page\" data-elementor-id=\"15849\" class=\"elementor elementor-15849 elementor-2857\" data-elementor-post-type=\"page\">\n\t\t\t\t<div class=\"elementor-element elementor-element-150b7dfd animated-fast e-flex e-con-boxed elementor-invisible e-con e-parent\" data-id=\"150b7dfd\" data-element_type=\"container\" data-settings=\"{&quot;animation&quot;:&quot;slideInUp&quot;}\">\n\t\t\t\t\t<div class=\"e-con-inner\">\n\t\t<div class=\"elementor-element elementor-element-295b5154 e-con-full e-flex e-con e-child\" data-id=\"295b5154\" data-element_type=\"container\">\n\t\t<div class=\"elementor-element elementor-element-2baf399 e-flex e-con-boxed e-con e-child\" data-id=\"2baf399\" data-element_type=\"container\">\n\t\t\t\t\t<div class=\"e-con-inner\">\n\t\t\t\t<div class=\"elementor-element elementor-element-108c8bf elementor-widget elementor-widget-image\" data-id=\"108c8bf\" data-element_type=\"widget\" data-settings=\"{&quot;ekit_we_effect_on&quot;:&quot;none&quot;}\" data-widget_type=\"image.default\">\n\t\t\t\t\t\t\t\t\t\t\t\t\t\t\t<img fetchpriority=\"high\" decoding=\"async\" width=\"320\" height=\"320\" src=\"https:\/\/indahash.com\/wp-content\/uploads\/2023\/07\/\ud83e\udd16-Robot-face-1.png\" class=\"attachment-full size-full wp-image-4503\" alt=\"\" srcset=\"https:\/\/indahash.com\/wp-content\/uploads\/2023\/07\/\ud83e\udd16-Robot-face-1.png 320w, https:\/\/indahash.com\/wp-content\/uploads\/2023\/07\/\ud83e\udd16-Robot-face-1-300x300.png 300w, https:\/\/indahash.com\/wp-content\/uploads\/2023\/07\/\ud83e\udd16-Robot-face-1-150x150.png 150w, https:\/\/indahash.com\/wp-content\/uploads\/2023\/07\/elementor\/thumbs\/\ud83e\udd16-Robot-face-1-q990grtx0h3mhi4j6y7ipgcrxtc7n8k72zx2c1hqp4.png 36w\" sizes=\"(max-width: 320px) 100vw, 320px\" \/>\t\t\t\t\t\t\t\t\t\t\t\t\t\t\t<\/div>\n\t\t\t\t<div class=\"elementor-element elementor-element-964b971 elementor-widget elementor-widget-heading\" data-id=\"964b971\" data-element_type=\"widget\" data-settings=\"{&quot;ekit_we_effect_on&quot;:&quot;none&quot;}\" data-widget_type=\"heading.default\">\n\t\t\t\t\t<div class=\"elementor-heading-title elementor-size-default\">Automatyzuj procesy<\/div>\t\t\t\t<\/div>\n\t\t\t\t\t<\/div>\n\t\t\t\t<\/div>\n\t\t\t\t<div class=\"elementor-element elementor-element-18e6dba8 elementor-widget elementor-widget-heading\" data-id=\"18e6dba8\" data-element_type=\"widget\" data-settings=\"{&quot;ekit_we_effect_on&quot;:&quot;none&quot;}\" data-widget_type=\"heading.default\">\n\t\t\t\t\t<h2 class=\"elementor-heading-title elementor-size-default\">Automatyczne wykrywanie tw\u00f3rc\u00f3w<\/h2>\t\t\t\t<\/div>\n\t\t\t\t<div class=\"elementor-element elementor-element-5651 elementor-mobile-align-justify elementor-widget-mobile__width-inherit elementor-widget elementor-widget-global elementor-global-13296 elementor-global-5651 elementor-widget-button\" data-id=\"5651\" data-element_type=\"widget\" data-settings=\"{&quot;ekit_we_effect_on&quot;:&quot;none&quot;}\" data-widget_type=\"button.default\">\n\t\t\t\t\t\t\t\t\t\t<a class=\"elementor-button elementor-button-link elementor-size-sm\" href=\"https:\/\/indahash.com\/workspace\/lite\">\n\t\t\t\t\t\t<span class=\"elementor-button-content-wrapper\">\n\t\t\t\t\t\t\t\t\t<span class=\"elementor-button-text\">Um\u00f3w si\u0119 na demo<\/span>\n\t\t\t\t\t<\/span>\n\t\t\t\t\t<\/a>\n\t\t\t\t\t\t\t\t<\/div>\n\t\t\t\t<\/div>\n\t\t<div class=\"elementor-element elementor-element-74d6e0f e-con-full e-flex e-con e-child\" data-id=\"74d6e0f\" data-element_type=\"container\">\n\t\t\t\t<div class=\"elementor-element elementor-element-8f46996 elementor-widget elementor-widget-video\" data-id=\"8f46996\" data-element_type=\"widget\" data-settings=\"{&quot;video_type&quot;:&quot;hosted&quot;,&quot;autoplay&quot;:&quot;yes&quot;,&quot;play_on_mobile&quot;:&quot;yes&quot;,&quot;mute&quot;:&quot;yes&quot;,&quot;loop&quot;:&quot;yes&quot;,&quot;start&quot;:1,&quot;ekit_we_effect_on&quot;:&quot;none&quot;}\" data-widget_type=\"video.default\">\n\t\t\t\t\t\t\t<div class=\"e-hosted-video elementor-wrapper elementor-open-inline\">\n\t\t\t\t\t<video class=\"elementor-video\" src=\"https:\/\/indahash.com\/wp-content\/uploads\/2023\/12\/Nagranie-z-ekranu-2023-12-22-o-10.13.33.mp4#t=1\" autoplay=\"\" loop=\"\" muted=\"muted\" playsinline=\"\" controlsList=\"nodownload\"><\/video>\n\t\t\t\t<\/div>\n\t\t\t\t\t\t<\/div>\n\t\t\t\t<\/div>\n\t\t\t\t\t<\/div>\n\t\t\t\t<\/div>\n\t\t<div class=\"elementor-element elementor-element-ded8ceb animated-fast e-flex e-con-boxed elementor-invisible e-con e-parent\" data-id=\"ded8ceb\" data-element_type=\"container\" data-settings=\"{&quot;animation&quot;:&quot;slideInUp&quot;}\">\n\t\t\t\t\t<div class=\"e-con-inner\">\n\t\t<div class=\"elementor-element elementor-element-692ae62 e-con-full e-flex e-con e-child\" data-id=\"692ae62\" data-element_type=\"container\">\n\t\t<div class=\"elementor-element elementor-element-cb5a2fe e-con-full e-flex e-con e-child\" data-id=\"cb5a2fe\" data-element_type=\"container\">\n\t\t\t\t<div class=\"elementor-element elementor-element-f3f118e elementor-widget elementor-widget-video\" data-id=\"f3f118e\" data-element_type=\"widget\" data-settings=\"{&quot;video_type&quot;:&quot;hosted&quot;,&quot;autoplay&quot;:&quot;yes&quot;,&quot;play_on_mobile&quot;:&quot;yes&quot;,&quot;mute&quot;:&quot;yes&quot;,&quot;loop&quot;:&quot;yes&quot;,&quot;start&quot;:1,&quot;ekit_we_effect_on&quot;:&quot;none&quot;}\" data-widget_type=\"video.default\">\n\t\t\t\t\t\t\t<div class=\"e-hosted-video elementor-wrapper elementor-open-inline\">\n\t\t\t\t\t<video class=\"elementor-video\" src=\"https:\/\/indahash.com\/wp-content\/uploads\/2023\/12\/Nagranie-z-ekranu-2023-12-22-o-09.24.02-1.mp4#t=1\" autoplay=\"\" loop=\"\" muted=\"muted\" playsinline=\"\" controlsList=\"nodownload\"><\/video>\n\t\t\t\t<\/div>\n\t\t\t\t\t\t<\/div>\n\t\t\t\t<\/div>\n\t\t\t\t<\/div>\n\t\t<div class=\"elementor-element elementor-element-52a24b5 e-con-full e-flex e-con e-child\" data-id=\"52a24b5\" data-element_type=\"container\">\n\t\t\t\t<div class=\"elementor-element elementor-element-283a730 elementor-widget elementor-widget-heading\" data-id=\"283a730\" data-element_type=\"widget\" data-settings=\"{&quot;ekit_we_effect_on&quot;:&quot;none&quot;}\" data-widget_type=\"heading.default\">\n\t\t\t\t\t<h3 class=\"elementor-heading-title elementor-size-default\">Automatyczne wykrywanie tw\u00f3rc\u00f3w publikacji<\/h3>\t\t\t\t<\/div>\n\t\t\t\t<div class=\"elementor-element elementor-element-d958f36 elementor-widget__width-inherit elementor-widget elementor-widget-text-editor\" data-id=\"d958f36\" data-element_type=\"widget\" data-settings=\"{&quot;ekit_we_effect_on&quot;:&quot;none&quot;}\" data-widget_type=\"text-editor.default\">\n\t\t\t\t\t\t\t\t\t<p>W przysz\u0142o\u015bci, gdy dodasz link do publikacji w SoMe do platformy, jej tw\u00f3rca zostanie automatycznie wykryty i przypisany do odpowiedniej kolumny. Jedynym warunkiem jest to, \u017ce musisz doda\u0107 go do zak\u0142adki Tw\u00f3rcy w ramach konkretnego projektu. Reszt\u0119 zostaw nam. <\/p>\n<p>Jakie korzy\u015bci przynosi narz\u0119dzie indaHash? Oszcz\u0119dza czas i energi\u0119 zwi\u0105zane z r\u0119cznym dopasowywaniem tw\u00f3rc\u00f3w z publikacjami. Zapewnia precyzj\u0119 i konsekwencj\u0119 w \u015bledzeniu aktywno\u015bci influencer\u00f3w, dzi\u0119ki czemu nie tylko zwi\u0119ksza wydajno\u015b\u0107 pracy, ale te\u017c skuteczno\u015b\u0107 przeprowadzanych projekt\u00f3w. Znasz wyniki, jakie odnotowuj\u0105 konkretne przekazy i na bie\u017c\u0105co optymalizujesz ich parametry. Tak, jak lubisz.   <\/p>\n\t\t\t\t\t\t\t\t<\/div>\n\t\t\t\t<\/div>\n\t\t\t\t\t<\/div>\n\t\t\t\t<\/div>\n\t\t<div class=\"elementor-element elementor-element-8c04dde e-flex e-con-boxed e-con e-parent\" data-id=\"8c04dde\" data-element_type=\"container\">\n\t\t\t\t\t<div class=\"e-con-inner\">\n\t\t\t\t<div class=\"elementor-element elementor-element-17128ab elementor-headline--style-highlight elementor-widget elementor-widget-animated-headline\" data-id=\"17128ab\" data-element_type=\"widget\" data-settings=\"{&quot;highlighted_text&quot;:&quot;Jak&quot;,&quot;highlight_animation_duration&quot;:1500,&quot;headline_style&quot;:&quot;highlight&quot;,&quot;marker&quot;:&quot;circle&quot;,&quot;ekit_we_effect_on&quot;:&quot;none&quot;}\" data-widget_type=\"animated-headline.default\">\n\t\t\t\t\t\t\t<h3 class=\"elementor-headline\">\n\t\t\t\t<span class=\"elementor-headline-dynamic-wrapper elementor-headline-text-wrapper\">\n\t\t\t\t\t<span class=\"elementor-headline-dynamic-text elementor-headline-text-active\">Jak<\/span>\n\t\t\t\t<\/span>\n\t\t\t\t\t<span class=\"elementor-headline-plain-text elementor-headline-text-wrapper\"> to dzia\u0142a?<\/span>\n\t\t\t\t\t<\/h3>\n\t\t\t\t\t\t<\/div>\n\t\t\t\t\t<\/div>\n\t\t\t\t<\/div>\n\t\t<div class=\"elementor-element elementor-element-2d62b23 animated-fast e-flex e-con-boxed elementor-invisible e-con e-parent\" data-id=\"2d62b23\" data-element_type=\"container\" data-settings=\"{&quot;animation&quot;:&quot;slideInUp&quot;}\">\n\t\t\t\t\t<div class=\"e-con-inner\">\n\t\t\t\t<div class=\"elementor-element elementor-element-0b251db elementor-widget__width-inherit elementor-widget elementor-widget-image\" data-id=\"0b251db\" data-element_type=\"widget\" data-settings=\"{&quot;ekit_we_effect_on&quot;:&quot;none&quot;}\" data-widget_type=\"image.default\">\n\t\t\t\t\t\t\t\t\t\t\t\t\t\t\t<img decoding=\"async\" width=\"800\" height=\"800\" src=\"https:\/\/indahash.com\/wp-content\/uploads\/2024\/04\/Auto-Detect-Creators\u200b1-1024x1024.png\" class=\"attachment-large size-large wp-image-15447\" alt=\"\" srcset=\"https:\/\/indahash.com\/wp-content\/uploads\/2024\/04\/Auto-Detect-Creators\u200b1-1024x1024.png 1024w, https:\/\/indahash.com\/wp-content\/uploads\/2024\/04\/Auto-Detect-Creators\u200b1-300x300.png 300w, https:\/\/indahash.com\/wp-content\/uploads\/2024\/04\/Auto-Detect-Creators\u200b1-150x150.png 150w, https:\/\/indahash.com\/wp-content\/uploads\/2024\/04\/Auto-Detect-Creators\u200b1-768x768.png 768w, https:\/\/indahash.com\/wp-content\/uploads\/2024\/04\/Auto-Detect-Creators\u200b1.png 1500w\" sizes=\"(max-width: 800px) 100vw, 800px\" \/>\t\t\t\t\t\t\t\t\t\t\t\t\t\t\t<\/div>\n\t\t<div class=\"elementor-element elementor-element-906a894 e-con-full e-flex e-con e-child\" data-id=\"906a894\" data-element_type=\"container\">\n\t\t\t\t<div class=\"elementor-element elementor-element-9c9b4b8 elementor-mobile-align-left elementor-widget-mobile__width-auto elementor-widget elementor-widget-button\" data-id=\"9c9b4b8\" data-element_type=\"widget\" data-settings=\"{&quot;ekit_we_effect_on&quot;:&quot;none&quot;}\" data-widget_type=\"button.default\">\n\t\t\t\t\t\t\t\t\t\t<a class=\"elementor-button elementor-size-sm\" role=\"button\">\n\t\t\t\t\t\t<span class=\"elementor-button-content-wrapper\">\n\t\t\t\t\t\t\t\t\t<span class=\"elementor-button-text\">Krok 1<\/span>\n\t\t\t\t\t<\/span>\n\t\t\t\t\t<\/a>\n\t\t\t\t\t\t\t\t<\/div>\n\t\t\t\t<div class=\"elementor-element elementor-element-b0ab119 elementor-widget elementor-widget-heading\" data-id=\"b0ab119\" data-element_type=\"widget\" data-settings=\"{&quot;ekit_we_effect_on&quot;:&quot;none&quot;}\" data-widget_type=\"heading.default\">\n\t\t\t\t\t<h5 class=\"elementor-heading-title elementor-size-default\">Przejd\u017a do wybranej kampanii.<\/h5>\t\t\t\t<\/div>\n\t\t\t\t<\/div>\n\t\t\t\t\t<\/div>\n\t\t\t\t<\/div>\n\t\t<div class=\"elementor-element elementor-element-d999459 animated-fast e-flex e-con-boxed elementor-invisible e-con e-parent\" data-id=\"d999459\" data-element_type=\"container\" data-settings=\"{&quot;animation&quot;:&quot;slideInUp&quot;}\">\n\t\t\t\t\t<div class=\"e-con-inner\">\n\t\t<div class=\"elementor-element elementor-element-d8272f8 e-con-full e-flex e-con e-child\" data-id=\"d8272f8\" data-element_type=\"container\">\n\t\t\t\t<div class=\"elementor-element elementor-element-0f40e89 elementor-mobile-align-left elementor-widget-mobile__width-auto elementor-widget elementor-widget-button\" data-id=\"0f40e89\" data-element_type=\"widget\" data-settings=\"{&quot;ekit_we_effect_on&quot;:&quot;none&quot;}\" data-widget_type=\"button.default\">\n\t\t\t\t\t\t\t\t\t\t<a class=\"elementor-button elementor-size-sm\" role=\"button\">\n\t\t\t\t\t\t<span class=\"elementor-button-content-wrapper\">\n\t\t\t\t\t\t\t\t\t<span class=\"elementor-button-text\">Krok 2<\/span>\n\t\t\t\t\t<\/span>\n\t\t\t\t\t<\/a>\n\t\t\t\t\t\t\t\t<\/div>\n\t\t\t\t<div class=\"elementor-element elementor-element-62e5bef elementor-widget elementor-widget-heading\" data-id=\"62e5bef\" data-element_type=\"widget\" data-settings=\"{&quot;ekit_we_effect_on&quot;:&quot;none&quot;}\" data-widget_type=\"heading.default\">\n\t\t\t\t\t<h5 class=\"elementor-heading-title elementor-size-default\">Dodaj now\u0105 pozycj\u0119 w zak\u0142adce \u201cPublikacje\u201d.<\/h5>\t\t\t\t<\/div>\n\t\t\t\t<\/div>\n\t\t\t\t<div class=\"elementor-element elementor-element-3f56f5c elementor-widget__width-inherit elementor-widget elementor-widget-image\" data-id=\"3f56f5c\" data-element_type=\"widget\" data-settings=\"{&quot;ekit_we_effect_on&quot;:&quot;none&quot;}\" data-widget_type=\"image.default\">\n\t\t\t\t\t\t\t\t\t\t\t\t\t\t\t<img decoding=\"async\" width=\"800\" height=\"800\" src=\"https:\/\/indahash.com\/wp-content\/uploads\/2024\/04\/Auto-Detect-Creators\u200b2-1024x1024.png\" class=\"attachment-large size-large wp-image-15449\" alt=\"\" srcset=\"https:\/\/indahash.com\/wp-content\/uploads\/2024\/04\/Auto-Detect-Creators\u200b2-1024x1024.png 1024w, https:\/\/indahash.com\/wp-content\/uploads\/2024\/04\/Auto-Detect-Creators\u200b2-300x300.png 300w, https:\/\/indahash.com\/wp-content\/uploads\/2024\/04\/Auto-Detect-Creators\u200b2-150x150.png 150w, https:\/\/indahash.com\/wp-content\/uploads\/2024\/04\/Auto-Detect-Creators\u200b2-768x768.png 768w, https:\/\/indahash.com\/wp-content\/uploads\/2024\/04\/Auto-Detect-Creators\u200b2.png 1500w\" sizes=\"(max-width: 800px) 100vw, 800px\" \/>\t\t\t\t\t\t\t\t\t\t\t\t\t\t\t<\/div>\n\t\t\t\t\t<\/div>\n\t\t\t\t<\/div>\n\t\t<div class=\"elementor-element elementor-element-de9e7d8 animated-fast e-flex e-con-boxed elementor-invisible e-con e-parent\" data-id=\"de9e7d8\" data-element_type=\"container\" data-settings=\"{&quot;animation&quot;:&quot;slideInUp&quot;}\">\n\t\t\t\t\t<div class=\"e-con-inner\">\n\t\t\t\t<div class=\"elementor-element elementor-element-7d930a7 elementor-widget__width-inherit elementor-widget elementor-widget-image\" data-id=\"7d930a7\" data-element_type=\"widget\" data-settings=\"{&quot;ekit_we_effect_on&quot;:&quot;none&quot;}\" data-widget_type=\"image.default\">\n\t\t\t\t\t\t\t\t\t\t\t\t\t\t\t<img loading=\"lazy\" decoding=\"async\" width=\"800\" height=\"800\" src=\"https:\/\/indahash.com\/wp-content\/uploads\/2024\/04\/Auto-Detect-Creators\u200b3-1024x1024.png\" class=\"attachment-large size-large wp-image-15451\" alt=\"\" srcset=\"https:\/\/indahash.com\/wp-content\/uploads\/2024\/04\/Auto-Detect-Creators\u200b3-1024x1024.png 1024w, https:\/\/indahash.com\/wp-content\/uploads\/2024\/04\/Auto-Detect-Creators\u200b3-300x300.png 300w, https:\/\/indahash.com\/wp-content\/uploads\/2024\/04\/Auto-Detect-Creators\u200b3-150x150.png 150w, https:\/\/indahash.com\/wp-content\/uploads\/2024\/04\/Auto-Detect-Creators\u200b3-768x768.png 768w, https:\/\/indahash.com\/wp-content\/uploads\/2024\/04\/Auto-Detect-Creators\u200b3.png 1500w\" sizes=\"(max-width: 800px) 100vw, 800px\" \/>\t\t\t\t\t\t\t\t\t\t\t\t\t\t\t<\/div>\n\t\t<div class=\"elementor-element elementor-element-61f4b4a e-con-full e-flex e-con e-child\" data-id=\"61f4b4a\" data-element_type=\"container\">\n\t\t\t\t<div class=\"elementor-element elementor-element-701b37f elementor-mobile-align-left elementor-widget-mobile__width-auto elementor-widget elementor-widget-button\" data-id=\"701b37f\" data-element_type=\"widget\" data-settings=\"{&quot;ekit_we_effect_on&quot;:&quot;none&quot;}\" data-widget_type=\"button.default\">\n\t\t\t\t\t\t\t\t\t\t<a class=\"elementor-button elementor-size-sm\" role=\"button\">\n\t\t\t\t\t\t<span class=\"elementor-button-content-wrapper\">\n\t\t\t\t\t\t\t\t\t<span class=\"elementor-button-text\">Krok 3<\/span>\n\t\t\t\t\t<\/span>\n\t\t\t\t\t<\/a>\n\t\t\t\t\t\t\t\t<\/div>\n\t\t\t\t<div class=\"elementor-element elementor-element-6ab205d elementor-widget elementor-widget-heading\" data-id=\"6ab205d\" data-element_type=\"widget\" data-settings=\"{&quot;ekit_we_effect_on&quot;:&quot;none&quot;}\" data-widget_type=\"heading.default\">\n\t\t\t\t\t<h5 class=\"elementor-heading-title elementor-size-default\">Wklej link do publikacji.<\/h5>\t\t\t\t<\/div>\n\t\t\t\t<\/div>\n\t\t\t\t\t<\/div>\n\t\t\t\t<\/div>\n\t\t<div class=\"elementor-element elementor-element-7913f20 animated-fast e-flex e-con-boxed elementor-invisible e-con e-parent\" data-id=\"7913f20\" data-element_type=\"container\" data-settings=\"{&quot;animation&quot;:&quot;slideInUp&quot;}\">\n\t\t\t\t\t<div class=\"e-con-inner\">\n\t\t<div class=\"elementor-element elementor-element-dc0e836 e-con-full e-flex e-con e-child\" data-id=\"dc0e836\" data-element_type=\"container\">\n\t\t\t\t<div class=\"elementor-element elementor-element-604a001 elementor-mobile-align-left elementor-widget-mobile__width-auto elementor-widget elementor-widget-button\" data-id=\"604a001\" data-element_type=\"widget\" data-settings=\"{&quot;ekit_we_effect_on&quot;:&quot;none&quot;}\" data-widget_type=\"button.default\">\n\t\t\t\t\t\t\t\t\t\t<a class=\"elementor-button elementor-size-sm\" role=\"button\">\n\t\t\t\t\t\t<span class=\"elementor-button-content-wrapper\">\n\t\t\t\t\t\t\t\t\t<span class=\"elementor-button-text\">Krok 4<\/span>\n\t\t\t\t\t<\/span>\n\t\t\t\t\t<\/a>\n\t\t\t\t\t\t\t\t<\/div>\n\t\t\t\t<div class=\"elementor-element elementor-element-b669e3f elementor-widget elementor-widget-heading\" data-id=\"b669e3f\" data-element_type=\"widget\" data-settings=\"{&quot;ekit_we_effect_on&quot;:&quot;none&quot;}\" data-widget_type=\"heading.default\">\n\t\t\t\t\t<h5 class=\"elementor-heading-title elementor-size-default\">Poczekaj, a\u017c zbierzemy informacje.<\/h5>\t\t\t\t<\/div>\n\t\t\t\t<\/div>\n\t\t\t\t<div class=\"elementor-element elementor-element-b6551a0 elementor-widget__width-inherit elementor-widget elementor-widget-image\" data-id=\"b6551a0\" data-element_type=\"widget\" data-settings=\"{&quot;ekit_we_effect_on&quot;:&quot;none&quot;}\" data-widget_type=\"image.default\">\n\t\t\t\t\t\t\t\t\t\t\t\t\t\t\t<img loading=\"lazy\" decoding=\"async\" width=\"800\" height=\"800\" src=\"https:\/\/indahash.com\/wp-content\/uploads\/2024\/04\/Auto-Detect-Creators\u200b4-1024x1024.png\" class=\"attachment-large size-large wp-image-15453\" alt=\"\" srcset=\"https:\/\/indahash.com\/wp-content\/uploads\/2024\/04\/Auto-Detect-Creators\u200b4-1024x1024.png 1024w, https:\/\/indahash.com\/wp-content\/uploads\/2024\/04\/Auto-Detect-Creators\u200b4-300x300.png 300w, https:\/\/indahash.com\/wp-content\/uploads\/2024\/04\/Auto-Detect-Creators\u200b4-150x150.png 150w, https:\/\/indahash.com\/wp-content\/uploads\/2024\/04\/Auto-Detect-Creators\u200b4-768x768.png 768w, https:\/\/indahash.com\/wp-content\/uploads\/2024\/04\/Auto-Detect-Creators\u200b4.png 1500w\" sizes=\"(max-width: 800px) 100vw, 800px\" \/>\t\t\t\t\t\t\t\t\t\t\t\t\t\t\t<\/div>\n\t\t\t\t\t<\/div>\n\t\t\t\t<\/div>\n\t\t<div class=\"elementor-element elementor-element-8b8b7f7 animated-fast e-flex e-con-boxed elementor-invisible e-con e-parent\" data-id=\"8b8b7f7\" data-element_type=\"container\" data-settings=\"{&quot;animation&quot;:&quot;slideInUp&quot;}\">\n\t\t\t\t\t<div class=\"e-con-inner\">\n\t\t\t\t<div class=\"elementor-element elementor-element-79c46d5 elementor-widget__width-inherit elementor-widget elementor-widget-image\" data-id=\"79c46d5\" data-element_type=\"widget\" data-settings=\"{&quot;ekit_we_effect_on&quot;:&quot;none&quot;}\" data-widget_type=\"image.default\">\n\t\t\t\t\t\t\t\t\t\t\t\t\t\t\t<img loading=\"lazy\" decoding=\"async\" width=\"800\" height=\"800\" src=\"https:\/\/indahash.com\/wp-content\/uploads\/2024\/04\/Auto-Detect-Creators\u200b5-1024x1024.png\" class=\"attachment-large size-large wp-image-15455\" alt=\"\" srcset=\"https:\/\/indahash.com\/wp-content\/uploads\/2024\/04\/Auto-Detect-Creators\u200b5-1024x1024.png 1024w, https:\/\/indahash.com\/wp-content\/uploads\/2024\/04\/Auto-Detect-Creators\u200b5-300x300.png 300w, https:\/\/indahash.com\/wp-content\/uploads\/2024\/04\/Auto-Detect-Creators\u200b5-150x150.png 150w, https:\/\/indahash.com\/wp-content\/uploads\/2024\/04\/Auto-Detect-Creators\u200b5-768x768.png 768w, https:\/\/indahash.com\/wp-content\/uploads\/2024\/04\/Auto-Detect-Creators\u200b5.png 1500w\" sizes=\"(max-width: 800px) 100vw, 800px\" \/>\t\t\t\t\t\t\t\t\t\t\t\t\t\t\t<\/div>\n\t\t<div class=\"elementor-element elementor-element-a45eb6d e-con-full e-flex e-con e-child\" data-id=\"a45eb6d\" data-element_type=\"container\">\n\t\t\t\t<div class=\"elementor-element elementor-element-f2bf12b elementor-mobile-align-left elementor-widget-mobile__width-auto elementor-widget elementor-widget-button\" data-id=\"f2bf12b\" data-element_type=\"widget\" data-settings=\"{&quot;ekit_we_effect_on&quot;:&quot;none&quot;}\" data-widget_type=\"button.default\">\n\t\t\t\t\t\t\t\t\t\t<a class=\"elementor-button elementor-size-sm\" role=\"button\">\n\t\t\t\t\t\t<span class=\"elementor-button-content-wrapper\">\n\t\t\t\t\t\t\t\t\t<span class=\"elementor-button-text\">Krok 5<\/span>\n\t\t\t\t\t<\/span>\n\t\t\t\t\t<\/a>\n\t\t\t\t\t\t\t\t<\/div>\n\t\t\t\t<div class=\"elementor-element elementor-element-c6217b8 elementor-widget elementor-widget-heading\" data-id=\"c6217b8\" data-element_type=\"widget\" data-settings=\"{&quot;ekit_we_effect_on&quot;:&quot;none&quot;}\" data-widget_type=\"heading.default\">\n\t\t\t\t\t<h5 class=\"elementor-heading-title elementor-size-default\">Gotowe!<\/h5>\t\t\t\t<\/div>\n\t\t\t\t<\/div>\n\t\t\t\t\t<\/div>\n\t\t\t\t<\/div>\n\t\t<div class=\"elementor-element elementor-element-658d6b3e e-flex e-con-boxed e-con e-parent\" data-id=\"658d6b3e\" data-element_type=\"container\" data-settings=\"{&quot;background_background&quot;:&quot;classic&quot;}\">\n\t\t\t\t\t<div class=\"e-con-inner\">\n\t\t<div class=\"elementor-element elementor-element-18e5fea4 e-con-full e-flex e-con e-child\" data-id=\"18e5fea4\" data-element_type=\"container\" data-settings=\"{&quot;background_background&quot;:&quot;classic&quot;}\">\n\t\t\t\t<div class=\"elementor-element elementor-element-113c5e8a elementor-widget elementor-widget-heading\" data-id=\"113c5e8a\" data-element_type=\"widget\" data-settings=\"{&quot;ekit_we_effect_on&quot;:&quot;none&quot;}\" data-widget_type=\"heading.default\">\n\t\t\t\t\t<h3 class=\"elementor-heading-title elementor-size-default\">Um\u00f3w si\u0119 na konsultacj\u0119 z ekspertem \u2013 za 0 z\u0142!<\/h3>\t\t\t\t<\/div>\n\t\t\t\t<div class=\"elementor-element elementor-element-4f0f0795 elementor-widget elementor-widget-text-editor\" data-id=\"4f0f0795\" data-element_type=\"widget\" data-settings=\"{&quot;ekit_we_effect_on&quot;:&quot;none&quot;}\" data-widget_type=\"text-editor.default\">\n\t\t\t\t\t\t\t\t\t<p>Podczas rozmowy nazwiemy potrzeby i znajdziemy rozwi\u0105zania, by dzi\u0119ki wsp\u00f3\u0142pracy z influencerami podkre\u015bli\u0107 charakter Twojej marki. Nie zwlekaj \u2013 dzia\u0142aj!<\/p>\n\t\t\t\t\t\t\t\t<\/div>\n\t\t\t\t<div class=\"elementor-element elementor-element-5651 elementor-mobile-align-justify elementor-widget-mobile__width-inherit elementor-widget elementor-widget-global elementor-global-13296 elementor-global-5651 elementor-widget-button\" data-id=\"5651\" data-element_type=\"widget\" data-settings=\"{&quot;ekit_we_effect_on&quot;:&quot;none&quot;}\" data-widget_type=\"button.default\">\n\t\t\t\t\t\t\t\t\t\t<a class=\"elementor-button elementor-button-link elementor-size-sm\" href=\"https:\/\/indahash.com\/workspace\/lite\">\n\t\t\t\t\t\t<span class=\"elementor-button-content-wrapper\">\n\t\t\t\t\t\t\t\t\t<span class=\"elementor-button-text\">Um\u00f3w si\u0119 na demo<\/span>\n\t\t\t\t\t<\/span>\n\t\t\t\t\t<\/a>\n\t\t\t\t\t\t\t\t<\/div>\n\t\t\t\t<\/div>\n\t\t\t\t<div class=\"elementor-element elementor-element-443464b7 elementor-widget__width-inherit elementor-widget elementor-widget-image\" data-id=\"443464b7\" data-element_type=\"widget\" data-settings=\"{&quot;ekit_we_effect_on&quot;:&quot;none&quot;}\" data-widget_type=\"image.default\">\n\t\t\t\t\t\t\t\t\t\t\t\t\t\t\t<img decoding=\"async\" src=\"https:\/\/indahash.com\/wp-content\/uploads\/2023\/07\/Illustration.svg\" class=\"attachment-full size-full wp-image-4463\" alt=\"\" \/>\t\t\t\t\t\t\t\t\t\t\t\t\t\t\t<\/div>\n\t\t\t\t\t<\/div>\n\t\t\t\t<\/div>\n\t\t\t\t<\/div>\n\t\t","protected":false},"excerpt":{"rendered":"<p>Automatyczne wykrywanie tw\u00f3rc\u00f3w w indaHash: Oszcz\u0119dzaj czas i wysi\u0142ek, automatycznie wykrywaj\u0105c i zbieraj\u0105c publikacje wszystkich influencer\u00f3w do\u0142\u0105czaj\u0105cych do Twojej kampanii.<\/p>\n","protected":false},"author":2,"featured_media":0,"parent":0,"menu_order":0,"comment_status":"closed","ping_status":"closed","template":"","meta":{"footnotes":""},"class_list":["post-15849","page","type-page","status-publish","hentry"],"aioseo_notices":[],"_links":{"self":[{"href":"https:\/\/indahash.com\/pl\/wp-json\/wp\/v2\/pages\/15849","targetHints":{"allow":["GET"]}}],"collection":[{"href":"https:\/\/indahash.com\/pl\/wp-json\/wp\/v2\/pages"}],"about":[{"href":"https:\/\/indahash.com\/pl\/wp-json\/wp\/v2\/types\/page"}],"author":[{"embeddable":true,"href":"https:\/\/indahash.com\/pl\/wp-json\/wp\/v2\/users\/2"}],"replies":[{"embeddable":true,"href":"https:\/\/indahash.com\/pl\/wp-json\/wp\/v2\/comments?post=15849"}],"version-history":[{"count":3,"href":"https:\/\/indahash.com\/pl\/wp-json\/wp\/v2\/pages\/15849\/revisions"}],"predecessor-version":[{"id":15852,"href":"https:\/\/indahash.com\/pl\/wp-json\/wp\/v2\/pages\/15849\/revisions\/15852"}],"wp:attachment":[{"href":"https:\/\/indahash.com\/pl\/wp-json\/wp\/v2\/media?parent=15849"}],"curies":[{"name":"wp","href":"https:\/\/api.w.org\/{rel}","templated":true}]}}